{"id":12528,"date":"2024-04-11T14:37:53","date_gmt":"2024-04-11T14:37:53","guid":{"rendered":"https:\/\/ledsiena.lt\/?post_type=product&#038;p=12528"},"modified":"2024-07-16T14:12:22","modified_gmt":"2024-07-16T14:12:22","slug":"ops150-71","status":"publish","type":"product","link":"https:\/\/ledsiena.lt\/index.php\/product\/ops150-71\/","title":{"rendered":"OPS150-71"},"content":{"rendered":"","protected":false},"excerpt":{"rendered":"<p>Lengvai \u012fdiegiamas ki\u0161tukinis Android modulis<br \/>\nMultimedijos grotuvas, fail\u0173 tvarkykl\u0117, interneto nar\u0161ykl\u0117, paruo\u0161tos program\u0117l\u0117s<br \/>\nBaltosios lentos, ekrano dalijimosi pasirenkamos program\u0117l\u0117s IFPD<br \/>\nAPI rinkinys tre\u010di\u0173j\u0173 \u0161ali\u0173 program\u0117l\u0117ms<br \/>\nTinka Android CMS program\u0117l\u0117ms<br \/>\nVaizdo\/video rotacija<br \/>\nSuderinamos serijos: STM, UHM, PDM, PDH, PDU, PDX, NB, 65&#8243;VW &amp; IFM, IFD, IFX, IFXD, IFC<br \/>\nPritaikymo sritys: Edukacija, Korporatyvin\u0117<\/p>\n","protected":false},"featured_media":12533,"template":"","meta":[],"product_cat":[57],"product_tag":[],"_links":{"self":[{"href":"https:\/\/ledsiena.lt\/index.php\/wp-json\/wp\/v2\/product\/12528"}],"collection":[{"href":"https:\/\/ledsiena.lt\/index.php\/wp-json\/wp\/v2\/product"}],"about":[{"href":"https:\/\/ledsiena.lt\/index.php\/wp-json\/wp\/v2\/types\/product"}],"wp:featuredmedia":[{"embeddable":true,"href":"https:\/\/ledsiena.lt\/index.php\/wp-json\/wp\/v2\/media\/12533"}],"wp:attachment":[{"href":"https:\/\/ledsiena.lt\/index.php\/wp-json\/wp\/v2\/media?parent=12528"}],"wp:term":[{"taxonomy":"product_cat","embeddable":true,"href":"https:\/\/ledsiena.lt\/index.php\/wp-json\/wp\/v2\/product_cat?post=12528"},{"taxonomy":"product_tag","embeddable":true,"href":"https:\/\/ledsiena.lt\/index.php\/wp-json\/wp\/v2\/product_tag?post=12528"}],"curies":[{"name":"wp","href":"https:\/\/api.w.org\/{rel}","templated":true}]}}