{"id":11982,"date":"2024-02-07T17:06:52","date_gmt":"2024-02-07T17:06:52","guid":{"rendered":"https:\/\/ledsiena.lt\/?post_type=product&#038;p=11982"},"modified":"2024-07-15T21:55:03","modified_gmt":"2024-07-15T21:55:03","slug":"p2-0-series-p2-0-li20f9b2","status":"publish","type":"product","link":"https:\/\/ledsiena.lt\/index.php\/product\/p2-0-series-p2-0-li20f9b2\/","title":{"rendered":"P2.0 Serija P2.0 &#8211; LI20F9B2"},"content":{"rendered":"","protected":false},"excerpt":{"rendered":"<p>P2.0 serija P2.0 \u2013 LI20F9B2<br \/>\nPikseli\u0173 \u017eingsnis: 2,0<br \/>\nRezoliucija: 160\u00d780<br \/>\nRy\u0161kumas: 900 nit\u0173<br \/>\nVeikimas: 24\/7<br \/>\nPrie\u017ei\u016bra: Prieiga i\u0161 priekio<\/p>\n","protected":false},"featured_media":11984,"template":"","meta":[],"product_cat":[39],"product_tag":[],"_links":{"self":[{"href":"https:\/\/ledsiena.lt\/index.php\/wp-json\/wp\/v2\/product\/11982"}],"collection":[{"href":"https:\/\/ledsiena.lt\/index.php\/wp-json\/wp\/v2\/product"}],"about":[{"href":"https:\/\/ledsiena.lt\/index.php\/wp-json\/wp\/v2\/types\/product"}],"wp:featuredmedia":[{"embeddable":true,"href":"https:\/\/ledsiena.lt\/index.php\/wp-json\/wp\/v2\/media\/11984"}],"wp:attachment":[{"href":"https:\/\/ledsiena.lt\/index.php\/wp-json\/wp\/v2\/media?parent=11982"}],"wp:term":[{"taxonomy":"product_cat","embeddable":true,"href":"https:\/\/ledsiena.lt\/index.php\/wp-json\/wp\/v2\/product_cat?post=11982"},{"taxonomy":"product_tag","embeddable":true,"href":"https:\/\/ledsiena.lt\/index.php\/wp-json\/wp\/v2\/product_tag?post=11982"}],"curies":[{"name":"wp","href":"https:\/\/api.w.org\/{rel}","templated":true}]}}