{"id":11967,"date":"2024-02-07T17:02:20","date_gmt":"2024-02-07T17:02:20","guid":{"rendered":"https:\/\/ledsiena.lt\/?post_type=product&#038;p=11967"},"modified":"2024-07-15T22:03:17","modified_gmt":"2024-07-15T22:03:17","slug":"p2-6-series-p2-6","status":"publish","type":"product","link":"https:\/\/ledsiena.lt\/index.php\/product\/p2-6-series-p2-6\/","title":{"rendered":"P2.6 Serija P2.6"},"content":{"rendered":"","protected":false},"excerpt":{"rendered":"<div class=\"flex-shrink-0 flex flex-col relative items-end\">\n<div>\n<div class=\"pt-0.5 juice:pt-0\">\n<div class=\"gizmo-bot-avatar flex h-6 w-6 items-center justify-center overflow-hidden rounded-full juice:h-8 juice:w-8\">\n<div class=\"relative p-1 rounded-sm flex items-center justify-center bg-token-main-surface-primary text-token-text-primary h-8 w-8\"><\/div>\n<\/div>\n<\/div>\n<\/div>\n<\/div>\n<div class=\"group\/conversation-turn relative flex w-full min-w-0 flex-col agent-turn\">\n<div class=\"flex-col gap-1 md:gap-3\">\n<div class=\"flex flex-grow flex-col max-w-full\">\n<div class=\"min-h-[20px] text-message flex flex-col items-start whitespace-pre-wrap break-words [.text-message+&amp;]:mt-5 juice:w-full juice:items-end overflow-x-auto gap-2\" dir=\"auto\" data-message-author-role=\"assistant\" data-message-id=\"3f43afe4-9f36-4b29-bfdf-2ef9bc30c6c4\">\n<div class=\"flex w-full flex-col gap-1 juice:empty:hidden juice:first:pt-[3px]\">\n<div class=\"markdown prose w-full break-words dark:prose-invert light\">\n<p><strong>P2.6 serija P2.6<br \/>\nPikseli\u0173 \u017eingsnis: 2,6<br \/>\nRezoliucija: 192\u00d7192<br \/>\nRy\u0161kumas: 800 nit\u0173<br \/>\nVeikimas: 24\/7<br \/>\nPrie\u017ei\u016bra: Prieiga i\u0161 priekio ir galin\u0117s pus\u0117s<\/strong><\/p>\n<\/div>\n<\/div>\n<\/div>\n<\/div>\n<\/div>\n<\/div>\n","protected":false},"featured_media":11970,"template":"","meta":[],"product_cat":[39],"product_tag":[],"_links":{"self":[{"href":"https:\/\/ledsiena.lt\/index.php\/wp-json\/wp\/v2\/product\/11967"}],"collection":[{"href":"https:\/\/ledsiena.lt\/index.php\/wp-json\/wp\/v2\/product"}],"about":[{"href":"https:\/\/ledsiena.lt\/index.php\/wp-json\/wp\/v2\/types\/product"}],"wp:featuredmedia":[{"embeddable":true,"href":"https:\/\/ledsiena.lt\/index.php\/wp-json\/wp\/v2\/media\/11970"}],"wp:attachment":[{"href":"https:\/\/ledsiena.lt\/index.php\/wp-json\/wp\/v2\/media?parent=11967"}],"wp:term":[{"taxonomy":"product_cat","embeddable":true,"href":"https:\/\/ledsiena.lt\/index.php\/wp-json\/wp\/v2\/product_cat?post=11967"},{"taxonomy":"product_tag","embeddable":true,"href":"https:\/\/ledsiena.lt\/index.php\/wp-json\/wp\/v2\/product_tag?post=11967"}],"curies":[{"name":"wp","href":"https:\/\/api.w.org\/{rel}","templated":true}]}}