{"id":11906,"date":"2024-02-07T01:14:12","date_gmt":"2024-02-07T01:14:12","guid":{"rendered":"https:\/\/ledsiena.lt\/?post_type=product&#038;p=11906"},"modified":"2024-07-15T16:31:37","modified_gmt":"2024-07-15T16:31:37","slug":"dynamic-series-da65a-6k","status":"publish","type":"product","link":"https:\/\/ledsiena.lt\/index.php\/product\/dynamic-series-da65a-6k\/","title":{"rendered":"Dynamic Serija DA65A-6K"},"content":{"rendered":"","protected":false},"excerpt":{"rendered":"<div class=\"flex-shrink-0 flex flex-col relative items-end\">\n<div>\n<div class=\"pt-0.5 juice:pt-0\">\n<div class=\"gizmo-bot-avatar flex h-6 w-6 items-center justify-center overflow-hidden rounded-full juice:h-8 juice:w-8\">\n<div class=\"relative p-1 rounded-sm flex items-center justify-center bg-token-main-surface-primary text-token-text-primary h-8 w-8\">Android 13 OS pritaikyta Android platforma<\/div>\n<\/div>\n<\/div>\n<\/div>\n<\/div>\n<div class=\"group\/conversation-turn relative flex w-full min-w-0 flex-col agent-turn\">\n<div class=\"flex-col gap-1 md:gap-3\">\n<div class=\"flex flex-grow flex-col max-w-full\">\n<div class=\"min-h-[20px] text-message flex flex-col items-start whitespace-pre-wrap break-words [.text-message+&amp;]:mt-5 juice:w-full juice:items-end overflow-x-auto gap-2\" dir=\"auto\" data-message-author-role=\"assistant\" data-message-id=\"e0d30215-f07d-4688-b3ee-007b03c79878\">\n<div class=\"flex w-full flex-col gap-1 juice:empty:hidden juice:first:pt-[3px]\">\n<div class=\"markdown prose w-full break-words dark:prose-invert light\">\n<p>Didel\u0117s atminties\/saugojimo konfig\u016bracija: 8GB RAM ir 64 GB atmintis<br \/>\nOptin\u0117 nulinio sluoksnio jutiklin\u0117 ekrano technologija<br \/>\nNeprilygstamas vartotojo na\u0161umas<br \/>\nI\u0161skirtin\u0117 vartotojo s\u0105saja<br \/>\nIntegruotos program\u0117l\u0117s, tokios kaip baltosios lentos, ekrano dalijimasis ir kt.<br \/>\nPaskyr\u0173 ir \u012frengini\u0173 valdymo palaikymas<\/p>\n<\/div>\n<\/div>\n<\/div>\n<\/div>\n<\/div>\n<\/div>\n","protected":false},"featured_media":11908,"template":"","meta":[],"product_cat":[37],"product_tag":[],"_links":{"self":[{"href":"https:\/\/ledsiena.lt\/index.php\/wp-json\/wp\/v2\/product\/11906"}],"collection":[{"href":"https:\/\/ledsiena.lt\/index.php\/wp-json\/wp\/v2\/product"}],"about":[{"href":"https:\/\/ledsiena.lt\/index.php\/wp-json\/wp\/v2\/types\/product"}],"wp:featuredmedia":[{"embeddable":true,"href":"https:\/\/ledsiena.lt\/index.php\/wp-json\/wp\/v2\/media\/11908"}],"wp:attachment":[{"href":"https:\/\/ledsiena.lt\/index.php\/wp-json\/wp\/v2\/media?parent=11906"}],"wp:term":[{"taxonomy":"product_cat","embeddable":true,"href":"https:\/\/ledsiena.lt\/index.php\/wp-json\/wp\/v2\/product_cat?post=11906"},{"taxonomy":"product_tag","embeddable":true,"href":"https:\/\/ledsiena.lt\/index.php\/wp-json\/wp\/v2\/product_tag?post=11906"}],"curies":[{"name":"wp","href":"https:\/\/api.w.org\/{rel}","templated":true}]}}