{"id":11865,"date":"2024-02-07T01:01:50","date_gmt":"2024-02-07T01:01:50","guid":{"rendered":"https:\/\/ledsiena.lt\/?post_type=product&#038;p=11865"},"modified":"2024-07-15T16:07:46","modified_gmt":"2024-07-15T16:07:46","slug":"pn-series-pn43b-4h","status":"publish","type":"product","link":"https:\/\/ledsiena.lt\/index.php\/product\/pn-series-pn43b-4h\/","title":{"rendered":"PN Serija PN43B-4H"},"content":{"rendered":"","protected":false},"excerpt":{"rendered":"<ul class=\"mb-4 list-disc text-base text-gray-600\">\n<li>Rezoliucija: 3840&#215;2160 (UHD) Ry\u0161kumas: 500 cd\/m\u00b2 Darbo laikas: 24\/7 Integruotas IR\/IR prailginimo parinktys 30\u00b0 pakreipimo \u012frengimas Naudojimo sritys: Ma\u017emenin\u0117 prekyba, Greito aptarnavimo restoranai (QSR), Korporatyvinis sektorius, Valdymo kambariai, Transportas<\/li>\n<\/ul>\n","protected":false},"featured_media":11870,"template":"","meta":[],"product_cat":[36],"product_tag":[],"_links":{"self":[{"href":"https:\/\/ledsiena.lt\/index.php\/wp-json\/wp\/v2\/product\/11865"}],"collection":[{"href":"https:\/\/ledsiena.lt\/index.php\/wp-json\/wp\/v2\/product"}],"about":[{"href":"https:\/\/ledsiena.lt\/index.php\/wp-json\/wp\/v2\/types\/product"}],"wp:featuredmedia":[{"embeddable":true,"href":"https:\/\/ledsiena.lt\/index.php\/wp-json\/wp\/v2\/media\/11870"}],"wp:attachment":[{"href":"https:\/\/ledsiena.lt\/index.php\/wp-json\/wp\/v2\/media?parent=11865"}],"wp:term":[{"taxonomy":"product_cat","embeddable":true,"href":"https:\/\/ledsiena.lt\/index.php\/wp-json\/wp\/v2\/product_cat?post=11865"},{"taxonomy":"product_tag","embeddable":true,"href":"https:\/\/ledsiena.lt\/index.php\/wp-json\/wp\/v2\/product_tag?post=11865"}],"curies":[{"name":"wp","href":"https:\/\/api.w.org\/{rel}","templated":true}]}}