{"id":11795,"date":"2024-02-07T00:46:10","date_gmt":"2024-02-07T00:46:10","guid":{"rendered":"https:\/\/ledsiena.lt\/?post_type=product&#038;p=11795"},"modified":"2024-07-15T12:08:17","modified_gmt":"2024-07-15T12:08:17","slug":"high-haze-line-pn43d-4hh","status":"publish","type":"product","link":"https:\/\/ledsiena.lt\/index.php\/product\/high-haze-line-pn43d-4hh\/","title":{"rendered":"Auk\u0161tos Rai\u0161kos PN43D-4HH"},"content":{"rendered":"","protected":false},"excerpt":{"rendered":"<ul>\n<li>VAP400 (Vestel Android platforma 400)<\/li>\n<li>Rai\u0161ka: 3840&#215;2160 (UHD)<\/li>\n<li>Ry\u0161kumas: 500 cd\/m\u00b2<\/li>\n<li>Matinio pavir\u0161iaus lygis: 25%<\/li>\n<li>Veikimo laikas: 24\/7<\/li>\n<li>Pritaikymo sritys: Ma\u017emenin\u0117 prekyba, Greito maisto restoranai, \u012emon\u0117s, Valdymo kambariai, Transportas<\/li>\n<\/ul>\n","protected":false},"featured_media":11805,"template":"","meta":[],"product_cat":[36],"product_tag":[],"_links":{"self":[{"href":"https:\/\/ledsiena.lt\/index.php\/wp-json\/wp\/v2\/product\/11795"}],"collection":[{"href":"https:\/\/ledsiena.lt\/index.php\/wp-json\/wp\/v2\/product"}],"about":[{"href":"https:\/\/ledsiena.lt\/index.php\/wp-json\/wp\/v2\/types\/product"}],"wp:featuredmedia":[{"embeddable":true,"href":"https:\/\/ledsiena.lt\/index.php\/wp-json\/wp\/v2\/media\/11805"}],"wp:attachment":[{"href":"https:\/\/ledsiena.lt\/index.php\/wp-json\/wp\/v2\/media?parent=11795"}],"wp:term":[{"taxonomy":"product_cat","embeddable":true,"href":"https:\/\/ledsiena.lt\/index.php\/wp-json\/wp\/v2\/product_cat?post=11795"},{"taxonomy":"product_tag","embeddable":true,"href":"https:\/\/ledsiena.lt\/index.php\/wp-json\/wp\/v2\/product_tag?post=11795"}],"curies":[{"name":"wp","href":"https:\/\/api.w.org\/{rel}","templated":true}]}}