{"id":415,"date":"2020-06-10T18:03:45","date_gmt":"2020-06-10T18:03:45","guid":{"rendered":"http:\/\/localhost\/context\/?page_id=415"},"modified":"2024-07-02T14:21:28","modified_gmt":"2024-07-02T14:21:28","slug":"contact","status":"publish","type":"page","link":"https:\/\/ledsiena.lt\/index.php\/contact\/","title":{"rendered":"Contact"},"content":{"rendered":"\t\t<div data-elementor-type=\"wp-page\" data-elementor-id=\"415\" class=\"elementor elementor-415\">\n\t\t\t\t\t\t<section class=\"elementor-section elementor-top-section elementor-element elementor-element-2ab3f89 elementor-section-boxed elementor-section-height-default elementor-section-height-default\" data-id=\"2ab3f89\" data-element_type=\"section\">\n\t\t\t\t\t\t<div class=\"elementor-container elementor-column-gap-default\">\n\t\t\t\t\t<div class=\"elementor-column elementor-col-33 elementor-top-column elementor-element elementor-element-b1af21f\" data-id=\"b1af21f\" data-element_type=\"column\">\n\t\t\t<div class=\"elementor-widget-wrap elementor-element-populated\">\n\t\t\t\t\t\t<div class=\"elementor-element elementor-element-59ae378 elementor-widget elementor-widget-witr_section_service\" data-id=\"59ae378\" data-element_type=\"widget\" data-widget_type=\"witr_section_service.default\">\n\t\t\t\t<div class=\"elementor-widget-container\">\n\t\t\t\t\t\n\t\t\t<div class=\"service-item all_color_service  text-center  \">\n\t\t\t\t<div class=\"service_top_image\">\n\t\t\t\t\t<!-- image -->\n\t\t\t\t\t\t\t\t\n\t\t\t\t<\/div>\n\t\t\t\t<div class=\"text_box all_icon_color\">\n\t\t\t\t\t<!-- icon -->\n\t\t\t\t\t\t\t\t\t\t\t<i class=\"flaticon flaticon-map\"><\/i>\n\t\t\t\t\t\t\t\t\t\t<!-- custom icon -->\n\t\t\t\t\t\t\t\t\t\n\t\t\t\t\t<!-- image -->\n\t\t\t\t\t\t\n\t\t\t\t\t<!-- title -->\n\t\t\t\t\t\t\t\t\t\t\t\t\t\t\t<h3>Vietov\u0117 <\/h3>\n\t\t\t\t\t\t\t\t\t\t\t\t\t\t\t<!-- content -->\n\t\t\t\t\t\t\t\t\t\t\t<p>Lietuva <\/p>\t\t\n\t\t\t\t\t\t\t\t\t\t<!-- button -->\n\t\t\t\t\t\t\t\t\t\n\t\t\t\t<\/div> <!-- text_box -->\t\t\t\t\t\t\t\n\t\t\t<\/div> <!-- service item -->\t\t\t\t\t\t\t\n \t\t\t\t<\/div>\n\t\t\t\t<\/div>\n\t\t\t\t\t<\/div>\n\t\t<\/div>\n\t\t\t\t<div class=\"elementor-column elementor-col-33 elementor-top-column elementor-element elementor-element-d258487\" data-id=\"d258487\" data-element_type=\"column\">\n\t\t\t<div class=\"elementor-widget-wrap elementor-element-populated\">\n\t\t\t\t\t\t<div class=\"elementor-element elementor-element-7085b5f elementor-widget elementor-widget-witr_section_service\" data-id=\"7085b5f\" data-element_type=\"widget\" data-widget_type=\"witr_section_service.default\">\n\t\t\t\t<div class=\"elementor-widget-container\">\n\t\t\t\t\t\n\t\t\t<div class=\"service-item all_color_service  text-center  \">\n\t\t\t\t<div class=\"service_top_image\">\n\t\t\t\t\t<!-- image -->\n\t\t\t\t\t\t\t\t\n\t\t\t\t<\/div>\n\t\t\t\t<div class=\"text_box all_icon_color\">\n\t\t\t\t\t<!-- icon -->\n\t\t\t\t\t\t\t\t\t\t\t<i class=\"flaticon flaticon-call\"><\/i>\n\t\t\t\t\t\t\t\t\t\t<!-- custom icon -->\n\t\t\t\t\t\t\t\t\t\n\t\t\t\t\t<!-- image -->\n\t\t\t\t\t\t\n\t\t\t\t\t<!-- title -->\n\t\t\t\t\t\t\t\t\t\t\t\t\t\t\t<h3>Telefono numeris <\/h3>\n\t\t\t\t\t\t\t\t\t\t\t\t\t\t\t<!-- content -->\n\t\t\t\t\t\t\t\t\t\t\t<p><a href=\"tel:+37061000229\" style=\"color: #616161;\">+370 610 00229<\/a> <\/p>\t\t\n\t\t\t\t\t\t\t\t\t\t<!-- button -->\n\t\t\t\t\t\t\t\t\t\n\t\t\t\t<\/div> <!-- text_box -->\t\t\t\t\t\t\t\n\t\t\t<\/div> <!-- service item -->\t\t\t\t\t\t\t\n \t\t\t\t<\/div>\n\t\t\t\t<\/div>\n\t\t\t\t\t<\/div>\n\t\t<\/div>\n\t\t\t\t<div class=\"elementor-column elementor-col-33 elementor-top-column elementor-element elementor-element-7d9383b\" data-id=\"7d9383b\" data-element_type=\"column\">\n\t\t\t<div class=\"elementor-widget-wrap elementor-element-populated\">\n\t\t\t\t\t\t<div class=\"elementor-element elementor-element-9b47572 elementor-widget elementor-widget-witr_section_service\" data-id=\"9b47572\" data-element_type=\"widget\" data-widget_type=\"witr_section_service.default\">\n\t\t\t\t<div class=\"elementor-widget-container\">\n\t\t\t\t\t\n\t\t\t<div class=\"service-item all_color_service  text-center  \">\n\t\t\t\t<div class=\"service_top_image\">\n\t\t\t\t\t<!-- image -->\n\t\t\t\t\t\t\t\t\n\t\t\t\t<\/div>\n\t\t\t\t<div class=\"text_box all_icon_color\">\n\t\t\t\t\t<!-- icon -->\n\t\t\t\t\t\t\t\t\t\t\t<i class=\"flaticon flaticon-mail\"><\/i>\n\t\t\t\t\t\t\t\t\t\t<!-- custom icon -->\n\t\t\t\t\t\t\t\t\t\n\t\t\t\t\t<!-- image -->\n\t\t\t\t\t\t\n\t\t\t\t\t<!-- title -->\n\t\t\t\t\t\t\t\t\t\t\t\t\t\t\t<h3>El. pa\u0161to adresas <\/h3>\n\t\t\t\t\t\t\t\t\t\t\t\t\t\t\t<!-- content -->\n\t\t\t\t\t\t\t\t\t\t\t<p><a href=\"mailto:info@ledsiena.lt\" style=\"color: #616161;\">info@ledsiena.lt<\/a> <\/p>\t\t\n\t\t\t\t\t\t\t\t\t\t<!-- button -->\n\t\t\t\t\t\t\t\t\t\n\t\t\t\t<\/div> <!-- text_box -->\t\t\t\t\t\t\t\n\t\t\t<\/div> <!-- service item -->\t\t\t\t\t\t\t\n \t\t\t\t<\/div>\n\t\t\t\t<\/div>\n\t\t\t\t\t<\/div>\n\t\t<\/div>\n\t\t\t\t\t<\/div>\n\t\t<\/section>\n\t\t\t\t<section class=\"elementor-section elementor-top-section elementor-element elementor-element-b934bd1 elementor-section-boxed elementor-section-height-default elementor-section-height-default\" data-id=\"b934bd1\" data-element_type=\"section\" id=\"inquiry-to-buy\" data-settings=\"{&quot;background_background&quot;:&quot;classic&quot;}\">\n\t\t\t\t\t\t<div class=\"elementor-container elementor-column-gap-default\">\n\t\t\t\t\t<div class=\"elementor-column elementor-col-50 elementor-top-column elementor-element elementor-element-ee3b31f\" data-id=\"ee3b31f\" data-element_type=\"column\">\n\t\t\t<div class=\"elementor-widget-wrap elementor-element-populated\">\n\t\t\t\t\t\t<div class=\"elementor-element elementor-element-23b924e poket-star-rating--align-center elementor-widget elementor-widget-witr_section_apartment\" data-id=\"23b924e\" data-element_type=\"widget\" data-widget_type=\"witr_section_apartment.default\">\n\t\t\t\t<div class=\"elementor-widget-container\">\n\t\t\t\n\t\t\t\t\t<div class=\"apartment_area\">\t\t\t\t\n\t\t\t\t\t\t<div class=\"apartment_text\">\t\t\n\t\t\t\t\t\t\t<!-- title -->\n\t\t\t\t\t\t\t\t\t\t\t\t\t\t\t<h1>Susisiekite su Ledsiena.lt pardavim\u0173 skyriumi<\/h1>\n\t\t\t\t\t\t\t\t\t\n\t\t\t\t\t\t\t<!-- content -->\n\t\t\t\t\t\t\t\t\t\t\t\t\t\t\t<h2>\nPra\u0161ome pateikti savo kontaktinius duomenis. <\/h2>\t\t\n\t\t\t\t\t\t\t\t\t\t\t\t\t\t\n\t\t\t\t\t\t<\/div>\t\t\n\t\t\t\t\t\t<div class=\"witr_apartment_form\">\t\t\t\t\t\n\t\t\t\t\t\t\n<div class=\"wpcf7 no-js\" id=\"wpcf7-f12863-o1\" lang=\"en-US\" dir=\"ltr\">\n<div class=\"screen-reader-response\"><p role=\"status\" aria-live=\"polite\" aria-atomic=\"true\"><\/p> <ul><\/ul><\/div>\n<form action=\"\/index.php\/wp-json\/wp\/v2\/pages\/415#wpcf7-f12863-o1\" method=\"post\" class=\"wpcf7-form init\" aria-label=\"Contact form\" novalidate=\"novalidate\" data-status=\"init\">\n<div style=\"display: none;\">\n<input type=\"hidden\" name=\"_wpcf7\" value=\"12863\" \/>\n<input type=\"hidden\" name=\"_wpcf7_version\" value=\"5.8.6\" \/>\n<input type=\"hidden\" name=\"_wpcf7_locale\" value=\"en_US\" \/>\n<input type=\"hidden\" name=\"_wpcf7_unit_tag\" value=\"wpcf7-f12863-o1\" \/>\n<input type=\"hidden\" name=\"_wpcf7_container_post\" value=\"0\" \/>\n<input type=\"hidden\" name=\"_wpcf7_posted_data_hash\" value=\"\" \/>\n<\/div>\n<div class=\"row\">\n <!-- Name and Phone on the same line -->\n\t<div class=\"col-lg-6 col-md-6\">\n\t\t<div class=\"twr_form_box\">\n\t\t\t<p><span class=\"wpcf7-form-control-wrap\" data-name=\"text-30\"><input size=\"40\" class=\"wpcf7-form-control wpcf7-text wpcf7-validates-as-required form-control\" aria-required=\"true\" aria-invalid=\"false\" placeholder=\"Vardas*\" value=\"\" type=\"text\" name=\"text-30\" \/><\/span>\n\t\t\t<\/p>\n\t\t<\/div>\n\t<\/div>\n\t<div class=\"col-lg-6 col-md-6\">\n\t\t<div class=\"twr_form_box\">\n\t\t\t<p><span class=\"wpcf7-form-control-wrap\" data-name=\"number-19\"><input class=\"wpcf7-form-control wpcf7-number wpcf7-validates-as-required wpcf7-validates-as-number form-control\" aria-required=\"true\" aria-invalid=\"false\" placeholder=\"Tel. numeris*\" value=\"\" type=\"number\" name=\"number-19\" \/><\/span>\n\t\t\t<\/p>\n\t\t<\/div>\n\t<\/div>\n\n <!-- Email on a new row, full width -->\n\t<div class=\"col-lg-12 col-md-12\">\n\t\t<div class=\"twr_form_box\">\n\t\t\t<p><span class=\"wpcf7-form-control-wrap\" data-name=\"email-380\"><input size=\"40\" class=\"wpcf7-form-control wpcf7-email wpcf7-validates-as-required wpcf7-text wpcf7-validates-as-email form-control\" aria-required=\"true\" aria-invalid=\"false\" placeholder=\"El. pa\u0161tas*\" value=\"\" type=\"email\" name=\"email-380\" \/><\/span>\n\t\t\t<\/p>\n\t\t<\/div>\n\t<\/div>\n\n <!-- Subject on a new row, full width with select options -->\n\t<div class=\"col-lg-12 col-md-12\">\n\t\t<div class=\"twr_form_box\">\n\t\t\t<p><span class=\"wpcf7-form-control-wrap\" data-name=\"produktai\"><select class=\"wpcf7-form-control wpcf7-select wpcf7-validates-as-required form-control\" aria-required=\"true\" aria-invalid=\"false\" name=\"produktai\"><option value=\"Produktas*\">Produktas*<\/option><option value=\"E Serija EA32C-1D\">E Serija EA32C-1D<\/option><option value=\"EA\">EA<\/option><option value=\"Auk\u0161to Rai\u0161kos PN43D-4HH\">Auk\u0161to Rai\u0161kos PN43D-4HH<\/option><option value=\"PDU Serija PDU75UF83\/4A\">PDU Serija PDU75UF83\/4A<\/option><option value=\"PDX Serija PDX75UF86\/4\">PDX Serija PDX75UF86\/4<\/option><option value=\"PF Serija PF43B-2\">PF Serija PF43B-2<\/option><option value=\"PF+ Serija PF43D-2H\">PF+ Serija PF43D-2H<\/option><option value=\"PN Serija PN43B-4H\">PN Serija PN43B-4H<\/option><option value=\"PN+ Serija PN43D-4H\">PN+ Serija PN43D-4H<\/option><option value=\"PR Serija PR43B-4F\">PR Serija PR43B-4F<\/option><option value=\"PR+ Serija PR43D-4H\">PR+ Serija PR43D-4H<\/option><option value=\"UHM Serija UHM75UH83\/4\">UHM Serija UHM75UH83\/4<\/option><option value=\"XD Serija XD86B-4F\">XD Serija XD86B-4F<\/option><option value=\"XD+\">XD+<\/option><option value=\"XN Serija XN86B-4FA\">XN Serija XN86B-4FA<\/option><option value=\"Dinamin\u0117 Serija DA65A-6K\">Dinamin\u0117 Serija DA65A-6K<\/option><option value=\"IFD55TH652\/3\">IFD55TH652\/3<\/option><option value=\"IFE651\/1\">IFE651\/1<\/option><option value=\"IFM55TH652\/4\">IFM55TH652\/4<\/option><option value=\"RNB Serija WY55B\/2H\">RNB Serija WY55B\/2H<\/option><option value=\"UNB Serija WU49B\/2H\">UNB Serija WU49B\/2H<\/option><option value=\"XNB Serija WW55B\/2HB\">XNB Serija WW55B\/2HB<\/option><option value=\"P2.0 Serija P2.0 \u2013 LI20F9B2\">P2.0 Serija P2.0 \u2013 LI20F9B2<\/option><option value=\"P2.6 Serija P2.6\">P2.6 Serija P2.6<\/option><option value=\"R\u0117mo Neturinti Serija ND32F01\">R\u0117mo Neturinti Serija ND32F01<\/option><option value=\"Auk\u0161tos Klas\u0117s Serija ND75U01\">Auk\u0161tos Klas\u0117s Serija ND75U01<\/option><option value=\"OPS150-71\">OPS150-71<\/option><option value=\"OPSCL1050\">OPSCL1050<\/option><option value=\"OPSKL381\">OPSKL381<\/option><\/select><\/span>\n\t\t\t<\/p>\n\t\t<\/div>\n\t<\/div>\n\n\n <!-- Submit Button -->\n\t<div class=\"col-lg-12 col-md-12\">\n\t\t<p><button type=\"submit\" class=\"btn btn-primary\">Si\u0173sti u\u017eklaus\u0105<\/button>\n\t\t<\/p>\n\t<\/div>\n<\/div><div class=\"wpcf7-response-output\" aria-hidden=\"true\"><\/div>\n<\/form>\n<\/div>\n\t\t\t\t\t\t\t\t\n\t\t\t\t\t\t<\/div>\n\t\t\t\t\t<\/div>\t\t\t\t\t\n\t\t\n\t\t\t\t<\/div>\n\t\t\t\t<\/div>\n\t\t\t\t\t<\/div>\n\t\t<\/div>\n\t\t\t\t<div class=\"elementor-column elementor-col-50 elementor-top-column elementor-element elementor-element-0300759\" data-id=\"0300759\" data-element_type=\"column\">\n\t\t\t<div class=\"elementor-widget-wrap\">\n\t\t\t\t\t\t\t<\/div>\n\t\t<\/div>\n\t\t\t\t\t<\/div>\n\t\t<\/section>\n\t\t\t\t<\/div>\n\t\t","protected":false},"excerpt":{"rendered":"<p>Vietov\u0117 Lietuva Telefono numeris +370 610 00229 El. pa\u0161to adresas info@ledsiena.lt Susisiekite su Ledsiena.lt pardavim\u0173 skyriumi Pra\u0161ome pateikti savo kontaktinius duomenis. Subject*E Series EA32C-1DEAHigh Haze Line PN43D-4HHPDU Series PDU75UF83\/4APDX Series PDX75UF86\/4PF Series PF43B-2PF+ Series PF43D-2HPN Series PN43B-4HPN+ Series PN43D-4HPR Series PR43B-4FPR+ Series PR43D-4HUHM Series UHM75UH83\/4XD Series XD86B-4FXD+XN Series XN86B-4FADynamic Series DA65A-6KIFD55TH652\/3IFE651\/1IFM55TH652\/4RNB Series WY55B\/2HUNB Series WU49B\/2HXNB [&hellip;]<\/p>\n","protected":false},"author":2,"featured_media":0,"parent":0,"menu_order":0,"comment_status":"closed","ping_status":"closed","template":"template-home.php","meta":{"footnotes":""},"_links":{"self":[{"href":"https:\/\/ledsiena.lt\/index.php\/wp-json\/wp\/v2\/pages\/415"}],"collection":[{"href":"https:\/\/ledsiena.lt\/index.php\/wp-json\/wp\/v2\/pages"}],"about":[{"href":"https:\/\/ledsiena.lt\/index.php\/wp-json\/wp\/v2\/types\/page"}],"author":[{"embeddable":true,"href":"https:\/\/ledsiena.lt\/index.php\/wp-json\/wp\/v2\/users\/2"}],"replies":[{"embeddable":true,"href":"https:\/\/ledsiena.lt\/index.php\/wp-json\/wp\/v2\/comments?post=415"}],"version-history":[{"count":21,"href":"https:\/\/ledsiena.lt\/index.php\/wp-json\/wp\/v2\/pages\/415\/revisions"}],"predecessor-version":[{"id":13323,"href":"https:\/\/ledsiena.lt\/index.php\/wp-json\/wp\/v2\/pages\/415\/revisions\/13323"}],"wp:attachment":[{"href":"https:\/\/ledsiena.lt\/index.php\/wp-json\/wp\/v2\/media?parent=415"}],"curies":[{"name":"wp","href":"https:\/\/api.w.org\/{rel}","templated":true}]}}