{"id":11537,"date":"2024-02-05T21:02:56","date_gmt":"2024-02-05T21:02:56","guid":{"rendered":"https:\/\/ledsiena.lt\/?page_id=11537"},"modified":"2024-07-02T15:17:11","modified_gmt":"2024-07-02T15:17:11","slug":"catalogues","status":"publish","type":"page","link":"https:\/\/ledsiena.lt\/index.php\/catalogues\/","title":{"rendered":"Catalogues"},"content":{"rendered":"\t\t<div data-elementor-type=\"wp-page\" data-elementor-id=\"11537\" class=\"elementor elementor-11537\">\n\t\t\t\t\t\t<section class=\"elementor-section elementor-top-section elementor-element elementor-element-93786a9 elementor-section-full_width elementor-section-height-default elementor-section-height-default\" data-id=\"93786a9\" data-element_type=\"section\" data-settings=\"{&quot;background_background&quot;:&quot;classic&quot;}\">\n\t\t\t\t\t\t<div class=\"elementor-container elementor-column-gap-default\">\n\t\t\t\t\t<div class=\"elementor-column elementor-col-100 elementor-top-column elementor-element elementor-element-4f75339\" data-id=\"4f75339\" data-element_type=\"column\">\n\t\t\t<div class=\"elementor-widget-wrap elementor-element-populated\">\n\t\t\t\t\t\t<section class=\"elementor-section elementor-inner-section elementor-element elementor-element-f232379 elementor-section-full_width elementor-section-height-default elementor-section-height-default\" data-id=\"f232379\" data-element_type=\"section\" data-settings=\"{&quot;background_background&quot;:&quot;classic&quot;}\">\n\t\t\t\t\t\t<div class=\"elementor-container elementor-column-gap-default\">\n\t\t\t\t\t<div class=\"elementor-column elementor-col-50 elementor-inner-column elementor-element elementor-element-b77ba26\" data-id=\"b77ba26\" data-element_type=\"column\">\n\t\t\t<div class=\"elementor-widget-wrap elementor-element-populated\">\n\t\t\t\t\t\t<div class=\"elementor-element elementor-element-7b354c4 poket-star-rating--align-center elementor-widget elementor-widget-witr_section_title\" data-id=\"7b354c4\" data-element_type=\"widget\" data-widget_type=\"witr_section_title.default\">\n\t\t\t\t<div class=\"elementor-widget-container\">\n\t\t\t\t\t\t\t\t<!-- title center -->\n\t\t\t\t\t<div class=\"witr_section_title\">\n\t\t\t\t\t\t<div class=\"witr_section_title_inner text-center\">\n\n\t\t\t\t\t\t\t<!-- icon position -->\n\t\t\t\t\t\t\t\t\n\t\t\t\t\t\t\t<!-- end icon position -->\n\t\t\t\t\t\t\t\n\t\t\t\t\t\t\n\t\t\t\t\t\t\t<!-- title top -->\n\t\t\t\t\t\t\t\n\n\t\t\t\t\t\t\t<!-- icon position -->\n\t\t\t\t\t\t\t\t\n\t\t\t\t\t\t\t<!-- end icon position -->\n\n\n\t\t\t\t\t\t\t\n\t\t\t\t\t\t\t<!-- title middle -->\n\t\t\t\t\t\t\t\t\t\t\t\t\t\t\t<h3>Katalogai<\/h3>\t\t\n\t\t\t\t\t\t\t\t\t\t\t\t\t\t<!-- title bottom -->\n\t\t\t\t\t\t\t\n\t\t\t\t\t\t\t\n\t\t\t\t\t\t\t\n\t\t\t\t\t\t\t\t\t\t\t\t\t\t\n\t\t\t\t\t\t\t<!-- image -->\n\t\t\t\t\t\t\t\t\t\t\t\t\t\t<!-- icon -->\n\t\t\t\t\t\t\t\t\t\t\t\t\t\t\n\t\t\t\t\t\t\t<!-- bar -->\n\t\t\t\t\t\t\t\t\t\t\t\t\t\t<!-- circle bar -->\n\t\t\t\t\t\t\t\t\t\t\t\t\t\t\n\t\t\t\t\t\t\t\t\n\t\t\t\t\t\t\t\n\n\t\t\t\t\t\t\t\n\t\t\t\t\t\t\t<!-- content -->\n\t\t\t\t\t\t\t\t\t\t\t\t\t\t\n\t\t\t\t\t\t<\/div>\n\t\t\t\t\t\t\t<!-- inner title -->\n\t\t\t\t\t\t\t\t\t\t\t\t\t\n\t\t\t\t\t<\/div>\n\n\t\t\t\t\t\t<\/div>\n\t\t\t\t<\/div>\n\t\t\t\t\t<\/div>\n\t\t<\/div>\n\t\t\t\t<div class=\"elementor-column elementor-col-50 elementor-inner-column elementor-element elementor-element-48534b7\" data-id=\"48534b7\" data-element_type=\"column\">\n\t\t\t<div class=\"elementor-widget-wrap elementor-element-populated\">\n\t\t\t\t\t\t<div class=\"elementor-element elementor-element-21dff37 elementor-widget__width-initial elementor-widget elementor-widget-image\" data-id=\"21dff37\" data-element_type=\"widget\" data-widget_type=\"image.default\">\n\t\t\t\t<div class=\"elementor-widget-container\">\n\t\t\t<style>\/*! elementor - v3.20.0 - 26-03-2024 *\/\n.elementor-widget-image{text-align:center}.elementor-widget-image a{display:inline-block}.elementor-widget-image a img[src$=\".svg\"]{width:48px}.elementor-widget-image img{vertical-align:middle;display:inline-block}<\/style>\t\t\t\t\t\t\t\t\t\t<img fetchpriority=\"high\" decoding=\"async\" width=\"1357\" height=\"1920\" src=\"https:\/\/ledsiena.lt\/wp-content\/uploads\/2024\/02\/15-3203.png\" class=\"attachment-full size-full wp-image-11586\" alt=\"\" srcset=\"https:\/\/ledsiena.lt\/wp-content\/uploads\/2024\/02\/15-3203.png 1357w, https:\/\/ledsiena.lt\/wp-content\/uploads\/2024\/02\/15-3203-212x300.png 212w, https:\/\/ledsiena.lt\/wp-content\/uploads\/2024\/02\/15-3203-724x1024.png 724w, https:\/\/ledsiena.lt\/wp-content\/uploads\/2024\/02\/15-3203-768x1087.png 768w, https:\/\/ledsiena.lt\/wp-content\/uploads\/2024\/02\/15-3203-1086x1536.png 1086w, https:\/\/ledsiena.lt\/wp-content\/uploads\/2024\/02\/15-3203-600x849.png 600w\" sizes=\"(max-width: 1357px) 100vw, 1357px\" \/>\t\t\t\t\t\t\t\t\t\t\t\t\t<\/div>\n\t\t\t\t<\/div>\n\t\t\t\t\t<\/div>\n\t\t<\/div>\n\t\t\t\t\t<\/div>\n\t\t<\/section>\n\t\t\t\t\t<\/div>\n\t\t<\/div>\n\t\t\t\t\t<\/div>\n\t\t<\/section>\n\t\t\t\t<section class=\"elementor-section elementor-top-section elementor-element elementor-element-09446e3 elementor-section-boxed elementor-section-height-default elementor-section-height-default\" data-id=\"09446e3\" data-element_type=\"section\">\n\t\t\t\t\t\t<div class=\"elementor-container elementor-column-gap-default\">\n\t\t\t\t\t<div class=\"elementor-column elementor-col-33 elementor-top-column elementor-element elementor-element-8364f43 card-style\" data-id=\"8364f43\" data-element_type=\"column\">\n\t\t\t<div class=\"elementor-widget-wrap elementor-element-populated\">\n\t\t\t\t\t\t<div class=\"elementor-element elementor-element-49d6595 elementor-widget elementor-widget-image\" data-id=\"49d6595\" data-element_type=\"widget\" data-widget_type=\"image.default\">\n\t\t\t\t<div class=\"elementor-widget-container\">\n\t\t\t\t\t\t\t\t\t\t\t\t\t<img decoding=\"async\" width=\"496\" height=\"702\" src=\"https:\/\/ledsiena.lt\/wp-content\/uploads\/2024\/02\/15-4276.png\" class=\"attachment-full size-full wp-image-11543\" alt=\"\" srcset=\"https:\/\/ledsiena.lt\/wp-content\/uploads\/2024\/02\/15-4276.png 496w, https:\/\/ledsiena.lt\/wp-content\/uploads\/2024\/02\/15-4276-212x300.png 212w\" sizes=\"(max-width: 496px) 100vw, 496px\" \/>\t\t\t\t\t\t\t\t\t\t\t\t\t<\/div>\n\t\t\t\t<\/div>\n\t\t\t\t<div class=\"elementor-element elementor-element-674e9ba elementor-widget elementor-widget-heading\" data-id=\"674e9ba\" data-element_type=\"widget\" data-widget_type=\"heading.default\">\n\t\t\t\t<div class=\"elementor-widget-container\">\n\t\t\t<style>\/*! elementor - v3.20.0 - 26-03-2024 *\/\n.elementor-heading-title{padding:0;margin:0;line-height:1}.elementor-widget-heading .elementor-heading-title[class*=elementor-size-]>a{color:inherit;font-size:inherit;line-height:inherit}.elementor-widget-heading .elementor-heading-title.elementor-size-small{font-size:15px}.elementor-widget-heading .elementor-heading-title.elementor-size-medium{font-size:19px}.elementor-widget-heading .elementor-heading-title.elementor-size-large{font-size:29px}.elementor-widget-heading .elementor-heading-title.elementor-size-xl{font-size:39px}.elementor-widget-heading .elementor-heading-title.elementor-size-xxl{font-size:59px}<\/style><h6 class=\"elementor-heading-title elementor-size-default\">Skaitmenini\u0173  i\u0161kab\u0173 ekranai  2023-2024 <\/h6>\t\t<\/div>\n\t\t\t\t<\/div>\n\t\t\t\t<div class=\"elementor-element elementor-element-ec527e4 elementor-align-center elementor-widget elementor-widget-button\" data-id=\"ec527e4\" data-element_type=\"widget\" data-widget_type=\"button.default\">\n\t\t\t\t<div class=\"elementor-widget-container\">\n\t\t\t\t\t<div class=\"elementor-button-wrapper\">\n\t\t\t<a class=\"elementor-button elementor-button-link elementor-size-sm\" href=\"https:\/\/ledsiena.lt\/wp-content\/uploads\/2024\/02\/Digital-Signage-Displays-2023-2024.pdf\" download=\"\">\n\t\t\t\t\t\t<span class=\"elementor-button-content-wrapper\">\n\t\t\t\t\t\t<span class=\"elementor-button-text\">ATSISI\u0172STI<\/span>\n\t\t<\/span>\n\t\t\t\t\t<\/a>\n\t\t<\/div>\n\t\t\t\t<\/div>\n\t\t\t\t<\/div>\n\t\t\t\t\t<\/div>\n\t\t<\/div>\n\t\t\t\t<div class=\"elementor-column elementor-col-33 elementor-top-column elementor-element elementor-element-49f324f card-style\" data-id=\"49f324f\" data-element_type=\"column\">\n\t\t\t<div class=\"elementor-widget-wrap elementor-element-populated\">\n\t\t\t\t\t\t<div class=\"elementor-element elementor-element-cb15aab elementor-widget elementor-widget-image\" data-id=\"cb15aab\" data-element_type=\"widget\" data-widget_type=\"image.default\">\n\t\t\t\t<div class=\"elementor-widget-container\">\n\t\t\t\t\t\t\t\t\t\t\t\t\t<img decoding=\"async\" width=\"496\" height=\"702\" src=\"https:\/\/ledsiena.lt\/wp-content\/uploads\/2024\/02\/23-9173.png\" class=\"attachment-full size-full wp-image-11588\" alt=\"\" srcset=\"https:\/\/ledsiena.lt\/wp-content\/uploads\/2024\/02\/23-9173.png 496w, https:\/\/ledsiena.lt\/wp-content\/uploads\/2024\/02\/23-9173-212x300.png 212w\" sizes=\"(max-width: 496px) 100vw, 496px\" \/>\t\t\t\t\t\t\t\t\t\t\t\t\t<\/div>\n\t\t\t\t<\/div>\n\t\t\t\t<div class=\"elementor-element elementor-element-4bb9bf9 elementor-widget elementor-widget-heading\" data-id=\"4bb9bf9\" data-element_type=\"widget\" data-widget_type=\"heading.default\">\n\t\t\t\t<div class=\"elementor-widget-container\">\n\t\t\t<h6 class=\"elementor-heading-title elementor-size-default\">Dinamin\u0117 serija<\/h6>\t\t<\/div>\n\t\t\t\t<\/div>\n\t\t\t\t<div class=\"elementor-element elementor-element-ba26f67 elementor-align-center elementor-widget elementor-widget-button\" data-id=\"ba26f67\" data-element_type=\"widget\" data-widget_type=\"button.default\">\n\t\t\t\t<div class=\"elementor-widget-container\">\n\t\t\t\t\t<div class=\"elementor-button-wrapper\">\n\t\t\t<a class=\"elementor-button elementor-button-link elementor-size-sm\" href=\"https:\/\/ledsiena.lt\/wp-content\/uploads\/2024\/02\/Dynamic-Series.pdf\" download=\"\">\n\t\t\t\t\t\t<span class=\"elementor-button-content-wrapper\">\n\t\t\t\t\t\t<span class=\"elementor-button-text\">ATSISI\u0172STI<\/span>\n\t\t<\/span>\n\t\t\t\t\t<\/a>\n\t\t<\/div>\n\t\t\t\t<\/div>\n\t\t\t\t<\/div>\n\t\t\t\t\t<\/div>\n\t\t<\/div>\n\t\t\t\t<div class=\"elementor-column elementor-col-33 elementor-top-column elementor-element elementor-element-6c50efa card-style\" data-id=\"6c50efa\" data-element_type=\"column\">\n\t\t\t<div class=\"elementor-widget-wrap elementor-element-populated\">\n\t\t\t\t\t\t<div class=\"elementor-element elementor-element-e07d131 elementor-widget elementor-widget-image\" data-id=\"e07d131\" data-element_type=\"widget\" data-widget_type=\"image.default\">\n\t\t\t\t<div class=\"elementor-widget-container\">\n\t\t\t\t\t\t\t\t\t\t\t\t\t<img loading=\"lazy\" decoding=\"async\" width=\"496\" height=\"702\" src=\"https:\/\/ledsiena.lt\/wp-content\/uploads\/2024\/02\/16-9429.png\" class=\"attachment-full size-full wp-image-11592\" alt=\"\" srcset=\"https:\/\/ledsiena.lt\/wp-content\/uploads\/2024\/02\/16-9429.png 496w, https:\/\/ledsiena.lt\/wp-content\/uploads\/2024\/02\/16-9429-212x300.png 212w\" sizes=\"(max-width: 496px) 100vw, 496px\" \/>\t\t\t\t\t\t\t\t\t\t\t\t\t<\/div>\n\t\t\t\t<\/div>\n\t\t\t\t<div class=\"elementor-element elementor-element-9c82702 elementor-widget elementor-widget-heading\" data-id=\"9c82702\" data-element_type=\"widget\" data-widget_type=\"heading.default\">\n\t\t\t\t<div class=\"elementor-widget-container\">\n\t\t\t<h6 class=\"elementor-heading-title elementor-size-default\">2023-2024 m. \"Extreme+\" serija<\/h6>\t\t<\/div>\n\t\t\t\t<\/div>\n\t\t\t\t<div class=\"elementor-element elementor-element-108736d elementor-align-center elementor-widget elementor-widget-button\" data-id=\"108736d\" data-element_type=\"widget\" data-widget_type=\"button.default\">\n\t\t\t\t<div class=\"elementor-widget-container\">\n\t\t\t\t\t<div class=\"elementor-button-wrapper\">\n\t\t\t<a class=\"elementor-button elementor-button-link elementor-size-sm\" href=\"https:\/\/ledsiena.lt\/wp-content\/uploads\/2024\/02\/Extreme-Series-2023-2024.pdf\" download=\"\">\n\t\t\t\t\t\t<span class=\"elementor-button-content-wrapper\">\n\t\t\t\t\t\t<span class=\"elementor-button-text\">ATSISI\u0172STI<\/span>\n\t\t<\/span>\n\t\t\t\t\t<\/a>\n\t\t<\/div>\n\t\t\t\t<\/div>\n\t\t\t\t<\/div>\n\t\t\t\t\t<\/div>\n\t\t<\/div>\n\t\t\t\t\t<\/div>\n\t\t<\/section>\n\t\t\t\t<section class=\"elementor-section elementor-top-section elementor-element elementor-element-a2407a9 elementor-section-boxed elementor-section-height-default elementor-section-height-default\" data-id=\"a2407a9\" data-element_type=\"section\">\n\t\t\t\t\t\t<div class=\"elementor-container elementor-column-gap-default\">\n\t\t\t\t\t<div class=\"elementor-column elementor-col-33 elementor-top-column elementor-element elementor-element-0602dab card-style\" data-id=\"0602dab\" data-element_type=\"column\">\n\t\t\t<div class=\"elementor-widget-wrap elementor-element-populated\">\n\t\t\t\t\t\t<div class=\"elementor-element elementor-element-3f27df3 elementor-widget elementor-widget-image\" data-id=\"3f27df3\" data-element_type=\"widget\" data-widget_type=\"image.default\">\n\t\t\t\t<div class=\"elementor-widget-container\">\n\t\t\t\t\t\t\t\t\t\t\t\t\t<img loading=\"lazy\" decoding=\"async\" width=\"496\" height=\"702\" src=\"https:\/\/ledsiena.lt\/wp-content\/uploads\/2024\/02\/20-2364.png\" class=\"attachment-full size-full wp-image-11594\" alt=\"\" srcset=\"https:\/\/ledsiena.lt\/wp-content\/uploads\/2024\/02\/20-2364.png 496w, https:\/\/ledsiena.lt\/wp-content\/uploads\/2024\/02\/20-2364-212x300.png 212w\" sizes=\"(max-width: 496px) 100vw, 496px\" \/>\t\t\t\t\t\t\t\t\t\t\t\t\t<\/div>\n\t\t\t\t<\/div>\n\t\t\t\t<div class=\"elementor-element elementor-element-59ca3ec elementor-widget elementor-widget-heading\" data-id=\"59ca3ec\" data-element_type=\"widget\" data-widget_type=\"heading.default\">\n\t\t\t\t<div class=\"elementor-widget-container\">\n\t\t\t<h6 class=\"elementor-heading-title elementor-size-default\">2023-2024 m. \"Prime+\" serija<\/h6>\t\t<\/div>\n\t\t\t\t<\/div>\n\t\t\t\t<div class=\"elementor-element elementor-element-46c37a4 elementor-align-center elementor-widget elementor-widget-button\" data-id=\"46c37a4\" data-element_type=\"widget\" data-widget_type=\"button.default\">\n\t\t\t\t<div class=\"elementor-widget-container\">\n\t\t\t\t\t<div class=\"elementor-button-wrapper\">\n\t\t\t<a class=\"elementor-button elementor-button-link elementor-size-sm\" href=\"https:\/\/ledsiena.lt\/wp-content\/uploads\/2024\/02\/Prime-Series-2023-2024.pdf\" download=\"\">\n\t\t\t\t\t\t<span class=\"elementor-button-content-wrapper\">\n\t\t\t\t\t\t<span class=\"elementor-button-text\">ATSISI\u0172STI<\/span>\n\t\t<\/span>\n\t\t\t\t\t<\/a>\n\t\t<\/div>\n\t\t\t\t<\/div>\n\t\t\t\t<\/div>\n\t\t\t\t\t<\/div>\n\t\t<\/div>\n\t\t\t\t<div class=\"elementor-column elementor-col-33 elementor-top-column elementor-element elementor-element-23f56e7 card-style\" data-id=\"23f56e7\" data-element_type=\"column\">\n\t\t\t<div class=\"elementor-widget-wrap elementor-element-populated\">\n\t\t\t\t\t\t<div class=\"elementor-element elementor-element-43b0ec4 elementor-widget elementor-widget-image\" data-id=\"43b0ec4\" data-element_type=\"widget\" data-widget_type=\"image.default\">\n\t\t\t\t<div class=\"elementor-widget-container\">\n\t\t\t\t\t\t\t\t\t\t\t\t\t<img loading=\"lazy\" decoding=\"async\" width=\"496\" height=\"702\" src=\"https:\/\/ledsiena.lt\/wp-content\/uploads\/2024\/02\/21-2153.png\" class=\"attachment-full size-full wp-image-11595\" alt=\"\" srcset=\"https:\/\/ledsiena.lt\/wp-content\/uploads\/2024\/02\/21-2153.png 496w, https:\/\/ledsiena.lt\/wp-content\/uploads\/2024\/02\/21-2153-212x300.png 212w\" sizes=\"(max-width: 496px) 100vw, 496px\" \/>\t\t\t\t\t\t\t\t\t\t\t\t\t<\/div>\n\t\t\t\t<\/div>\n\t\t\t\t<div class=\"elementor-element elementor-element-bafd81b elementor-widget elementor-widget-heading\" data-id=\"bafd81b\" data-element_type=\"widget\" data-widget_type=\"heading.default\">\n\t\t\t\t<div class=\"elementor-widget-container\">\n\t\t\t<h6 class=\"elementor-heading-title elementor-size-default\">I\u0161kabos sprendimai 2023-2024 m.<\/h6>\t\t<\/div>\n\t\t\t\t<\/div>\n\t\t\t\t<div class=\"elementor-element elementor-element-f901440 elementor-align-center elementor-widget elementor-widget-button\" data-id=\"f901440\" data-element_type=\"widget\" data-widget_type=\"button.default\">\n\t\t\t\t<div class=\"elementor-widget-container\">\n\t\t\t\t\t<div class=\"elementor-button-wrapper\">\n\t\t\t<a class=\"elementor-button elementor-button-link elementor-size-sm\" href=\"https:\/\/ledsiena.lt\/wp-content\/uploads\/2024\/02\/Signage-Solutions-2023-2024.pdf\" download=\"\">\n\t\t\t\t\t\t<span class=\"elementor-button-content-wrapper\">\n\t\t\t\t\t\t<span class=\"elementor-button-text\">ATSISI\u0172STI<\/span>\n\t\t<\/span>\n\t\t\t\t\t<\/a>\n\t\t<\/div>\n\t\t\t\t<\/div>\n\t\t\t\t<\/div>\n\t\t\t\t\t<\/div>\n\t\t<\/div>\n\t\t\t\t<div class=\"elementor-column elementor-col-33 elementor-top-column elementor-element elementor-element-e3fdf74 card-style\" data-id=\"e3fdf74\" data-element_type=\"column\">\n\t\t\t<div class=\"elementor-widget-wrap elementor-element-populated\">\n\t\t\t\t\t\t<div class=\"elementor-element elementor-element-883a872 elementor-widget elementor-widget-image\" data-id=\"883a872\" data-element_type=\"widget\" data-widget_type=\"image.default\">\n\t\t\t\t<div class=\"elementor-widget-container\">\n\t\t\t\t\t\t\t\t\t\t\t\t\t<img loading=\"lazy\" decoding=\"async\" width=\"496\" height=\"702\" src=\"https:\/\/ledsiena.lt\/wp-content\/uploads\/2024\/02\/18-4778.png\" class=\"attachment-full size-full wp-image-11596\" alt=\"\" srcset=\"https:\/\/ledsiena.lt\/wp-content\/uploads\/2024\/02\/18-4778.png 496w, https:\/\/ledsiena.lt\/wp-content\/uploads\/2024\/02\/18-4778-212x300.png 212w\" sizes=\"(max-width: 496px) 100vw, 496px\" \/>\t\t\t\t\t\t\t\t\t\t\t\t\t<\/div>\n\t\t\t\t<\/div>\n\t\t\t\t<div class=\"elementor-element elementor-element-44fd565 elementor-widget elementor-widget-heading\" data-id=\"44fd565\" data-element_type=\"widget\" data-widget_type=\"heading.default\">\n\t\t\t\t<div class=\"elementor-widget-container\">\n\t\t\t<h6 class=\"elementor-heading-title elementor-size-default\">Interaktyv\u016bs plok\u0161tieji ekranai 2023-2024 m.<\/h6>\t\t<\/div>\n\t\t\t\t<\/div>\n\t\t\t\t<div class=\"elementor-element elementor-element-62ce755 elementor-align-center elementor-widget elementor-widget-button\" data-id=\"62ce755\" data-element_type=\"widget\" data-widget_type=\"button.default\">\n\t\t\t\t<div class=\"elementor-widget-container\">\n\t\t\t\t\t<div class=\"elementor-button-wrapper\">\n\t\t\t<a class=\"elementor-button elementor-button-link elementor-size-sm\" href=\"https:\/\/ledsiena.lt\/wp-content\/uploads\/2024\/02\/Interactive-Flat-Panel-Displays-2023-2024.pdf\" download=\"\">\n\t\t\t\t\t\t<span class=\"elementor-button-content-wrapper\">\n\t\t\t\t\t\t<span class=\"elementor-button-text\">ATSISI\u0172STI<\/span>\n\t\t<\/span>\n\t\t\t\t\t<\/a>\n\t\t<\/div>\n\t\t\t\t<\/div>\n\t\t\t\t<\/div>\n\t\t\t\t\t<\/div>\n\t\t<\/div>\n\t\t\t\t\t<\/div>\n\t\t<\/section>\n\t\t\t\t<section class=\"elementor-section elementor-top-section elementor-element elementor-element-054e055 elementor-section-boxed elementor-section-height-default elementor-section-height-default\" data-id=\"054e055\" data-element_type=\"section\">\n\t\t\t\t\t\t<div class=\"elementor-container elementor-column-gap-default\">\n\t\t\t\t\t<div class=\"elementor-column elementor-col-33 elementor-top-column elementor-element elementor-element-76cfdf7 card-style\" data-id=\"76cfdf7\" data-element_type=\"column\">\n\t\t\t<div class=\"elementor-widget-wrap elementor-element-populated\">\n\t\t\t\t\t\t<div class=\"elementor-element elementor-element-3e38bc9 elementor-widget elementor-widget-image\" data-id=\"3e38bc9\" data-element_type=\"widget\" data-widget_type=\"image.default\">\n\t\t\t\t<div class=\"elementor-widget-container\">\n\t\t\t\t\t\t\t\t\t\t\t\t\t<img loading=\"lazy\" decoding=\"async\" width=\"496\" height=\"702\" src=\"https:\/\/ledsiena.lt\/wp-content\/uploads\/2024\/02\/17-5941.png\" class=\"attachment-full size-full wp-image-11597\" alt=\"\" srcset=\"https:\/\/ledsiena.lt\/wp-content\/uploads\/2024\/02\/17-5941.png 496w, https:\/\/ledsiena.lt\/wp-content\/uploads\/2024\/02\/17-5941-212x300.png 212w\" sizes=\"(max-width: 496px) 100vw, 496px\" \/>\t\t\t\t\t\t\t\t\t\t\t\t\t<\/div>\n\t\t\t\t<\/div>\n\t\t\t\t<div class=\"elementor-element elementor-element-58f03a2 elementor-widget elementor-widget-heading\" data-id=\"58f03a2\" data-element_type=\"widget\" data-widget_type=\"heading.default\">\n\t\t\t\t<div class=\"elementor-widget-container\">\n\t\t\t<h6 class=\"elementor-heading-title elementor-size-default\">2023-2024 m. IFX+ serija<\/h6>\t\t<\/div>\n\t\t\t\t<\/div>\n\t\t\t\t<div class=\"elementor-element elementor-element-6c5f221 elementor-align-center elementor-widget elementor-widget-button\" data-id=\"6c5f221\" data-element_type=\"widget\" data-widget_type=\"button.default\">\n\t\t\t\t<div class=\"elementor-widget-container\">\n\t\t\t\t\t<div class=\"elementor-button-wrapper\">\n\t\t\t<a class=\"elementor-button elementor-button-link elementor-size-sm\" href=\"https:\/\/ledsiena.lt\/wp-content\/uploads\/2024\/02\/IFX-Series-2023-2024.pdf\" download=\"\">\n\t\t\t\t\t\t<span class=\"elementor-button-content-wrapper\">\n\t\t\t\t\t\t<span class=\"elementor-button-text\">ATSISI\u0172STI<\/span>\n\t\t<\/span>\n\t\t\t\t\t<\/a>\n\t\t<\/div>\n\t\t\t\t<\/div>\n\t\t\t\t<\/div>\n\t\t\t\t\t<\/div>\n\t\t<\/div>\n\t\t\t\t<div class=\"elementor-column elementor-col-33 elementor-top-column elementor-element elementor-element-298e923 card-style\" data-id=\"298e923\" data-element_type=\"column\">\n\t\t\t<div class=\"elementor-widget-wrap elementor-element-populated\">\n\t\t\t\t\t\t<div class=\"elementor-element elementor-element-77afb46 elementor-widget elementor-widget-image\" data-id=\"77afb46\" data-element_type=\"widget\" data-widget_type=\"image.default\">\n\t\t\t\t<div class=\"elementor-widget-container\">\n\t\t\t\t\t\t\t\t\t\t\t\t\t<img loading=\"lazy\" decoding=\"async\" width=\"496\" height=\"702\" src=\"https:\/\/ledsiena.lt\/wp-content\/uploads\/2024\/02\/22-4828.png\" class=\"attachment-full size-full wp-image-11598\" alt=\"\" srcset=\"https:\/\/ledsiena.lt\/wp-content\/uploads\/2024\/02\/22-4828.png 496w, https:\/\/ledsiena.lt\/wp-content\/uploads\/2024\/02\/22-4828-212x300.png 212w\" sizes=\"(max-width: 496px) 100vw, 496px\" \/>\t\t\t\t\t\t\t\t\t\t\t\t\t<\/div>\n\t\t\t\t<\/div>\n\t\t\t\t<div class=\"elementor-element elementor-element-ac0e926 elementor-widget elementor-widget-heading\" data-id=\"ac0e926\" data-element_type=\"widget\" data-widget_type=\"heading.default\">\n\t\t\t\t<div class=\"elementor-widget-container\">\n\t\t\t<h6 class=\"elementor-heading-title elementor-size-default\">\"VHuddle Pro\" pos\u0117d\u017ei\u0173 sal\u0117s sprendimai 2023 - 2024 m.<\/h6>\t\t<\/div>\n\t\t\t\t<\/div>\n\t\t\t\t<div class=\"elementor-element elementor-element-01cc6a6 elementor-align-center elementor-widget elementor-widget-button\" data-id=\"01cc6a6\" data-element_type=\"widget\" data-widget_type=\"button.default\">\n\t\t\t\t<div class=\"elementor-widget-container\">\n\t\t\t\t\t<div class=\"elementor-button-wrapper\">\n\t\t\t<a class=\"elementor-button elementor-button-link elementor-size-sm\" href=\"https:\/\/ledsiena.lt\/wp-content\/uploads\/2024\/02\/VHuddle-Pro-Meeting-Room-Solution-2023-2024.pdf\" download=\"\">\n\t\t\t\t\t\t<span class=\"elementor-button-content-wrapper\">\n\t\t\t\t\t\t<span class=\"elementor-button-text\">ATSISI\u0172STI<\/span>\n\t\t<\/span>\n\t\t\t\t\t<\/a>\n\t\t<\/div>\n\t\t\t\t<\/div>\n\t\t\t\t<\/div>\n\t\t\t\t\t<\/div>\n\t\t<\/div>\n\t\t\t\t<div class=\"elementor-column elementor-col-33 elementor-top-column elementor-element elementor-element-fe8bcaa card-style\" data-id=\"fe8bcaa\" data-element_type=\"column\">\n\t\t\t<div class=\"elementor-widget-wrap elementor-element-populated\">\n\t\t\t\t\t\t<div class=\"elementor-element elementor-element-28990da elementor-widget elementor-widget-image\" data-id=\"28990da\" data-element_type=\"widget\" data-widget_type=\"image.default\">\n\t\t\t\t<div class=\"elementor-widget-container\">\n\t\t\t\t\t\t\t\t\t\t\t\t\t<img loading=\"lazy\" decoding=\"async\" width=\"496\" height=\"702\" src=\"https:\/\/ledsiena.lt\/wp-content\/uploads\/2024\/02\/19-2493.png\" class=\"attachment-full size-full wp-image-11599\" alt=\"\" srcset=\"https:\/\/ledsiena.lt\/wp-content\/uploads\/2024\/02\/19-2493.png 496w, https:\/\/ledsiena.lt\/wp-content\/uploads\/2024\/02\/19-2493-212x300.png 212w\" sizes=\"(max-width: 496px) 100vw, 496px\" \/>\t\t\t\t\t\t\t\t\t\t\t\t\t<\/div>\n\t\t\t\t<\/div>\n\t\t\t\t<div class=\"elementor-element elementor-element-1eee399 elementor-widget elementor-widget-heading\" data-id=\"1eee399\" data-element_type=\"widget\" data-widget_type=\"heading.default\">\n\t\t\t\t<div class=\"elementor-widget-container\">\n\t\t\t<h6 class=\"elementor-heading-title elementor-size-default\">LCD vaizdo sienos 2023 - 2024 m.<\/h6>\t\t<\/div>\n\t\t\t\t<\/div>\n\t\t\t\t<div class=\"elementor-element elementor-element-d5ffefc elementor-align-center elementor-widget elementor-widget-button\" data-id=\"d5ffefc\" data-element_type=\"widget\" data-widget_type=\"button.default\">\n\t\t\t\t<div class=\"elementor-widget-container\">\n\t\t\t\t\t<div class=\"elementor-button-wrapper\">\n\t\t\t<a class=\"elementor-button elementor-button-link elementor-size-sm\" href=\"https:\/\/ledsiena.lt\/wp-content\/uploads\/2024\/02\/LCD-Video-Walls-2023-2024.pdf\" download=\"\">\n\t\t\t\t\t\t<span class=\"elementor-button-content-wrapper\">\n\t\t\t\t\t\t<span class=\"elementor-button-text\">ATSISI\u0172STI<\/span>\n\t\t<\/span>\n\t\t\t\t\t<\/a>\n\t\t<\/div>\n\t\t\t\t<\/div>\n\t\t\t\t<\/div>\n\t\t\t\t\t<\/div>\n\t\t<\/div>\n\t\t\t\t\t<\/div>\n\t\t<\/section>\n\t\t\t\t<\/div>\n\t\t","protected":false},"excerpt":{"rendered":"<p>Katalogai Skaitmenini\u0173 i\u0161kab\u0173 ekranai 2023-2024 ATSISI\u0172STI Dinamin\u0117 serija ATSISI\u0172STI 2023-2024 m. &#8222;Extreme+&#8221; serija ATSISI\u0172STI 2023-2024 m. &#8222;Prime+&#8221; serija ATSISI\u0172STI I\u0161kabos sprendimai 2023-2024 m. ATSISI\u0172STI Interaktyv\u016bs plok\u0161tieji ekranai 2023-2024 m. ATSISI\u0172STI 2023-2024 m. IFX+ serija ATSISI\u0172STI &#8222;VHuddle Pro&#8221; pos\u0117d\u017ei\u0173 sal\u0117s sprendimai 2023 &#8211; 2024 m. ATSISI\u0172STI LCD vaizdo sienos 2023 &#8211; 2024 m. ATSISI\u0172STI<\/p>\n","protected":false},"author":2,"featured_media":0,"parent":0,"menu_order":0,"comment_status":"closed","ping_status":"closed","template":"template-home.php","meta":{"footnotes":""},"_links":{"self":[{"href":"https:\/\/ledsiena.lt\/index.php\/wp-json\/wp\/v2\/pages\/11537"}],"collection":[{"href":"https:\/\/ledsiena.lt\/index.php\/wp-json\/wp\/v2\/pages"}],"about":[{"href":"https:\/\/ledsiena.lt\/index.php\/wp-json\/wp\/v2\/types\/page"}],"author":[{"embeddable":true,"href":"https:\/\/ledsiena.lt\/index.php\/wp-json\/wp\/v2\/users\/2"}],"replies":[{"embeddable":true,"href":"https:\/\/ledsiena.lt\/index.php\/wp-json\/wp\/v2\/comments?post=11537"}],"version-history":[{"count":34,"href":"https:\/\/ledsiena.lt\/index.php\/wp-json\/wp\/v2\/pages\/11537\/revisions"}],"predecessor-version":[{"id":13361,"href":"https:\/\/ledsiena.lt\/index.php\/wp-json\/wp\/v2\/pages\/11537\/revisions\/13361"}],"wp:attachment":[{"href":"https:\/\/ledsiena.lt\/index.php\/wp-json\/wp\/v2\/media?parent=11537"}],"curies":[{"name":"wp","href":"https:\/\/api.w.org\/{rel}","templated":true}]}}