{"id":11440,"date":"2024-02-04T16:40:44","date_gmt":"2024-02-04T16:40:44","guid":{"rendered":"https:\/\/ledsiena.lt\/?page_id=11440"},"modified":"2024-07-04T00:37:17","modified_gmt":"2024-07-04T00:37:17","slug":"vestel-launches-meeting-collaboration-cloud-solution-an-intel-market-ready-solution","status":"publish","type":"page","link":"https:\/\/ledsiena.lt\/index.php\/vestel-launches-meeting-collaboration-cloud-solution-an-intel-market-ready-solution\/","title":{"rendered":"Vestel Launches Meeting Collaboration Cloud Solution, an Intel\u00ae Market-Ready Solution"},"content":{"rendered":"\t\t<div data-elementor-type=\"wp-page\" data-elementor-id=\"11440\" class=\"elementor elementor-11440\">\n\t\t\t\t\t\t<section class=\"elementor-section elementor-top-section elementor-element elementor-element-93786a9 elementor-section-full_width elementor-section-height-default elementor-section-height-default\" data-id=\"93786a9\" data-element_type=\"section\" data-settings=\"{&quot;background_background&quot;:&quot;classic&quot;}\">\n\t\t\t\t\t\t<div class=\"elementor-container elementor-column-gap-default\">\n\t\t\t\t\t<div class=\"elementor-column elementor-col-100 elementor-top-column elementor-element elementor-element-4f75339\" data-id=\"4f75339\" data-element_type=\"column\">\n\t\t\t<div class=\"elementor-widget-wrap elementor-element-populated\">\n\t\t\t\t\t\t<section class=\"elementor-section elementor-inner-section elementor-element elementor-element-f232379 elementor-section-full_width elementor-section-height-default elementor-section-height-default\" data-id=\"f232379\" data-element_type=\"section\" data-settings=\"{&quot;background_background&quot;:&quot;classic&quot;}\">\n\t\t\t\t\t\t<div class=\"elementor-container elementor-column-gap-default\">\n\t\t\t\t\t<div class=\"elementor-column elementor-col-50 elementor-inner-column elementor-element elementor-element-b77ba26\" data-id=\"b77ba26\" data-element_type=\"column\">\n\t\t\t<div class=\"elementor-widget-wrap elementor-element-populated\">\n\t\t\t\t\t\t<div class=\"elementor-element elementor-element-65d8e32 elementor-widget elementor-widget-heading\" data-id=\"65d8e32\" data-element_type=\"widget\" data-widget_type=\"heading.default\">\n\t\t\t\t<div class=\"elementor-widget-container\">\n\t\t\t<style>\/*! elementor - v3.20.0 - 26-03-2024 *\/\n.elementor-heading-title{padding:0;margin:0;line-height:1}.elementor-widget-heading .elementor-heading-title[class*=elementor-size-]>a{color:inherit;font-size:inherit;line-height:inherit}.elementor-widget-heading .elementor-heading-title.elementor-size-small{font-size:15px}.elementor-widget-heading .elementor-heading-title.elementor-size-medium{font-size:19px}.elementor-widget-heading .elementor-heading-title.elementor-size-large{font-size:29px}.elementor-widget-heading .elementor-heading-title.elementor-size-xl{font-size:39px}.elementor-widget-heading .elementor-heading-title.elementor-size-xxl{font-size:59px}<\/style><span class=\"elementor-heading-title elementor-size-default\">\"Vestel\" pristato \"Intel\u00ae\" rinkai paruo\u0161t\u0105 sprendim\u0105 \"Meeting Collaboration Cloud Solution\"<\/span>\t\t<\/div>\n\t\t\t\t<\/div>\n\t\t\t\t\t<\/div>\n\t\t<\/div>\n\t\t\t\t<div class=\"elementor-column elementor-col-50 elementor-inner-column elementor-element elementor-element-48534b7\" data-id=\"48534b7\" data-element_type=\"column\">\n\t\t\t<div class=\"elementor-widget-wrap elementor-element-populated\">\n\t\t\t\t\t\t<div class=\"elementor-element elementor-element-21dff37 elementor-widget elementor-widget-image\" data-id=\"21dff37\" data-element_type=\"widget\" data-widget_type=\"image.default\">\n\t\t\t\t<div class=\"elementor-widget-container\">\n\t\t\t<style>\/*! elementor - v3.20.0 - 26-03-2024 *\/\n.elementor-widget-image{text-align:center}.elementor-widget-image a{display:inline-block}.elementor-widget-image a img[src$=\".svg\"]{width:48px}.elementor-widget-image img{vertical-align:middle;display:inline-block}<\/style>\t\t\t\t\t\t\t\t\t\t<img fetchpriority=\"high\" decoding=\"async\" width=\"380\" height=\"250\" src=\"https:\/\/ledsiena.lt\/wp-content\/uploads\/2024\/02\/press-release-6-793878.png\" class=\"attachment-full size-full wp-image-11410\" alt=\"\" srcset=\"https:\/\/ledsiena.lt\/wp-content\/uploads\/2024\/02\/press-release-6-793878.png 380w, https:\/\/ledsiena.lt\/wp-content\/uploads\/2024\/02\/press-release-6-793878-300x197.png 300w\" sizes=\"(max-width: 380px) 100vw, 380px\" \/>\t\t\t\t\t\t\t\t\t\t\t\t\t<\/div>\n\t\t\t\t<\/div>\n\t\t\t\t\t<\/div>\n\t\t<\/div>\n\t\t\t\t\t<\/div>\n\t\t<\/section>\n\t\t\t\t\t<\/div>\n\t\t<\/div>\n\t\t\t\t\t<\/div>\n\t\t<\/section>\n\t\t\t\t<section class=\"elementor-section elementor-top-section elementor-element elementor-element-9ab0817 elementor-section-boxed elementor-section-height-default elementor-section-height-default\" data-id=\"9ab0817\" data-element_type=\"section\">\n\t\t\t\t\t\t<div class=\"elementor-container elementor-column-gap-default\">\n\t\t\t\t\t<div class=\"elementor-column elementor-col-100 elementor-top-column elementor-element elementor-element-34e9ab9\" data-id=\"34e9ab9\" data-element_type=\"column\">\n\t\t\t<div class=\"elementor-widget-wrap elementor-element-populated\">\n\t\t\t\t\t\t<div class=\"elementor-element elementor-element-ceb449f elementor-widget elementor-widget-text-editor\" data-id=\"ceb449f\" data-element_type=\"widget\" data-widget_type=\"text-editor.default\">\n\t\t\t\t<div class=\"elementor-widget-container\">\n\t\t\t<style>\/*! elementor - v3.20.0 - 26-03-2024 *\/\n.elementor-widget-text-editor.elementor-drop-cap-view-stacked .elementor-drop-cap{background-color:#69727d;color:#fff}.elementor-widget-text-editor.elementor-drop-cap-view-framed .elementor-drop-cap{color:#69727d;border:3px solid;background-color:transparent}.elementor-widget-text-editor:not(.elementor-drop-cap-view-default) .elementor-drop-cap{margin-top:8px}.elementor-widget-text-editor:not(.elementor-drop-cap-view-default) .elementor-drop-cap-letter{width:1em;height:1em}.elementor-widget-text-editor .elementor-drop-cap{float:left;text-align:center;line-height:1;font-size:50px}.elementor-widget-text-editor .elementor-drop-cap-letter{display:inline-block}<\/style>\t\t\t\t<p>Pristatydama &#8222;Meeting Collaboration Cloud Solution&#8221;, &#8222;Vestel&#8221; ketina padidinti tarpvalstybinio verslo potencial\u0105. \u0160is 65 coli\u0173 &#8222;Intel\u00ae vPro 4K PCAP&#8221; ekranas &#8211; tai transformuojantis sprendimas, skirtas darbo vietoms, kuriose dirba lauko komandos, tarptautiniam verslui ir (arba) priva\u010di\u0173 prietais\u0173 naudojimo\u00a0politikai. 65 coli\u0173 &#8222;Intel\u00ae vPro 4K PCAP&#8221; ekranas si\u016blo belaid\u012f ry\u0161\u012f su &#8222;Intel Unite\u00ae&#8221;, kad b\u016bt\u0173 galima be r\u016bpes\u010di\u0173 dalytis ekranu \u012fvairiuose \u012frenginiuose. Jis idealiai tinka bet kokio lygio IT specialistams, nes yra intuityvus ir patogus naudoti, o norint juo naudotis nereikia mokym\u0173 ar papildom\u0173 licencij\u0173.<\/p><p>\u00a0<\/p><p><strong>Patogus naudoti<\/strong><\/p><p>\u00a0<\/p><p>\u00a0<\/p><p>\u0160is sprendimas leid\u017eia naudotojams skland\u017eiai persijungti i\u0161 plan\u0161etinio kompiuterio re\u017eimo \u012f stacionaraus kompiuterio re\u017eim\u0105, tod\u0117l galima lengvai suplanuoti bendrus darbo seansus akimirksniu ir dirbti su prezentacijomis realiuoju laiku. Siekiant palengvinti platesn\u012f dalijim\u0105si informacija, kiekvienas prijungtas ekranas gali palaikyti iki 4 bendr\u0173 ekran\u0173, tod\u0117l naudotojai gali palyginti rezultatus ir alternatyvias id\u0117jas, taip pat sudaryti auk\u0161\u010diausio lygio ap\u017evalg\u0105 apie tai, kas vyksta visoje \u012fmon\u0117je.<\/p><p>\u00a0<\/p><p>Paprastu pel\u0117s spustel\u0117jimu vieno prane\u0161\u0117jo ekran\u0105 galima perjungti \u012f kito prane\u0161\u0117jo ekran\u0105, taip u\u017etikrinant sklandesn\u012f per\u0117jim\u0105 tarp kiekvienam prane\u0161\u0117jui skirto laiko tarpo.<\/p><p>\u00a0<\/p><p><strong>&#8222;Windows 10 Pro&#8221;<\/strong><\/p><p>\u00a0<\/p><p>Sukurtas &#8222;Windows\u00ae&#8221; darbalaukio sistemai, ekranas si\u016blo daugyb\u0119 bendradarbiavimo \u012franki\u0173, kurie papildo ir pl\u0117toja ekrano dalijimosi patirt\u012f. Kartu su &#8222;Office&#8221; programomis ir ekrano papildoma USB kamera, tokiomis paslaugomis kaip <strong>&#8222;Microsoft Teams&#8221;<\/strong> u\u017etikrinami i\u0161skirtiniai didel\u0117s rai\u0161kos vaizdo konferencij\u0173 sprendimai.<\/p><p>\u00a0<\/p><p><strong>Verslas per\u017eengiant sienas<\/strong><\/p><p>\u00a0<\/p><p>Pasirenkamieji priedai, tokie kaip &#8222;Microsoft Translator&#8221;, skirti i\u0161pl\u0117sti verslo pasiekiamum\u0105, padedant dalyvauti kitiems \u012fmon\u0117s biurams i\u0161 viso pasaulio, taip pat tarptautiniams tiek\u0117jams, klientams ir tre\u010di\u0173j\u0173 \u0161ali\u0173 partneriams. Kai \u012fkeliamos prezentacijos, debesyje esantis dirbtinis intelektas i\u0161ver\u010dia visus sunkiai suprantamus \u017eod\u017eius \u012f tiek kalb\u0173, kiek reikia.<\/p><p>\u00a0<\/p><p><strong>Dalintis\u00a0ra\u0161alu keliuose \u012frenginiuose<\/strong><\/p><p>\u00a0<\/p><p>\u00a0<\/p><p>Programa &#8222;Whiteboard&#8221; idealiai tinka bendradarbiavimui realiuoju laiku, suteikdama naudotojams galimyb\u0119 dalintis\u00a0ra\u0161alu keliuose \u012frenginiuose ir redaguoti, per\u017ei\u016br\u0117ti bei atnaujinti prezentacijas ir dokumentus, paruo\u0161tus nedelsiant patvirtinti ir naudoti.<\/p><p>\u00a0<\/p><p>\u00a0<\/p><p><strong>4K PCAP ekranas<\/strong><\/p><p>\u00a0<\/p><p>\u00a0<\/p><p>\u0160is projekcinis talpinis ekranas, sukurtas siekiant u\u017etikrinti precedento neturint\u012f lietimo tikslum\u0105 ir ra\u0161iklio tikslum\u0105, suma\u017eina nety\u010dini\u0173 ir klaiding\u0173 \u012fvedim\u0173 tikimyb\u0119, tod\u0117l naudotojai ra\u0161ydami ir brai\u017eydami gali net pad\u0117ti deln\u0105 ant ekrano. D\u0117l patobulinto spaudimui jautraus jutiklinio valdymo palaikymo kaip niekada anks\u010diau lengva pie\u0161ti detalius ir tikslius projektus, iliustracijas ir diagramas. Siekiant u\u017etikrinti itin detal\u0173 vaizdo ai\u0161kum\u0105 net i\u0161 ma\u017eiausio steb\u0117jimo atstumo, ekranas taip pat pasi\u017eymi 3840 x 2160 (16:9) UHD rai\u0161ka.<\/p>\t\t\t\t\t\t<\/div>\n\t\t\t\t<\/div>\n\t\t\t\t\t<\/div>\n\t\t<\/div>\n\t\t\t\t\t<\/div>\n\t\t<\/section>\n\t\t\t\t<\/div>\n\t\t","protected":false},"excerpt":{"rendered":"<p>&#8222;Vestel&#8221; pristato &#8222;Intel\u00ae&#8221; rinkai paruo\u0161t\u0105 sprendim\u0105 &#8222;Meeting Collaboration Cloud Solution&#8221; Pristatydama &#8222;Meeting Collaboration Cloud Solution&#8221;, &#8222;Vestel&#8221; ketina padidinti tarpvalstybinio verslo potencial\u0105. \u0160is 65 coli\u0173 &#8222;Intel\u00ae vPro 4K PCAP&#8221; ekranas &#8211; tai transformuojantis sprendimas, skirtas darbo vietoms, kuriose dirba lauko komandos, tarptautiniam verslui ir (arba) priva\u010di\u0173 prietais\u0173 naudojimo\u00a0politikai. 65 coli\u0173 &#8222;Intel\u00ae vPro 4K PCAP&#8221; ekranas si\u016blo [&hellip;]<\/p>\n","protected":false},"author":2,"featured_media":0,"parent":0,"menu_order":0,"comment_status":"closed","ping_status":"closed","template":"template-home.php","meta":{"footnotes":""},"_links":{"self":[{"href":"https:\/\/ledsiena.lt\/index.php\/wp-json\/wp\/v2\/pages\/11440"}],"collection":[{"href":"https:\/\/ledsiena.lt\/index.php\/wp-json\/wp\/v2\/pages"}],"about":[{"href":"https:\/\/ledsiena.lt\/index.php\/wp-json\/wp\/v2\/types\/page"}],"author":[{"embeddable":true,"href":"https:\/\/ledsiena.lt\/index.php\/wp-json\/wp\/v2\/users\/2"}],"replies":[{"embeddable":true,"href":"https:\/\/ledsiena.lt\/index.php\/wp-json\/wp\/v2\/comments?post=11440"}],"version-history":[{"count":10,"href":"https:\/\/ledsiena.lt\/index.php\/wp-json\/wp\/v2\/pages\/11440\/revisions"}],"predecessor-version":[{"id":13418,"href":"https:\/\/ledsiena.lt\/index.php\/wp-json\/wp\/v2\/pages\/11440\/revisions\/13418"}],"wp:attachment":[{"href":"https:\/\/ledsiena.lt\/index.php\/wp-json\/wp\/v2\/media?parent=11440"}],"curies":[{"name":"wp","href":"https:\/\/api.w.org\/{rel}","templated":true}]}}