{"id":11438,"date":"2024-02-04T16:39:27","date_gmt":"2024-02-04T16:39:27","guid":{"rendered":"https:\/\/ledsiena.lt\/?page_id=11438"},"modified":"2024-07-04T00:34:19","modified_gmt":"2024-07-04T00:34:19","slug":"vestel-announces-appointment-of-leading-distributor-westcoast","status":"publish","type":"page","link":"https:\/\/ledsiena.lt\/index.php\/vestel-announces-appointment-of-leading-distributor-westcoast\/","title":{"rendered":"Vestel Announces Appointment of Leading Distributor, Westcoast"},"content":{"rendered":"\t\t<div data-elementor-type=\"wp-page\" data-elementor-id=\"11438\" class=\"elementor elementor-11438\">\n\t\t\t\t\t\t<section class=\"elementor-section elementor-top-section elementor-element elementor-element-93786a9 elementor-section-full_width elementor-section-height-default elementor-section-height-default\" data-id=\"93786a9\" data-element_type=\"section\" data-settings=\"{&quot;background_background&quot;:&quot;classic&quot;}\">\n\t\t\t\t\t\t<div class=\"elementor-container elementor-column-gap-default\">\n\t\t\t\t\t<div class=\"elementor-column elementor-col-100 elementor-top-column elementor-element elementor-element-4f75339\" data-id=\"4f75339\" data-element_type=\"column\">\n\t\t\t<div class=\"elementor-widget-wrap elementor-element-populated\">\n\t\t\t\t\t\t<section class=\"elementor-section elementor-inner-section elementor-element elementor-element-f232379 elementor-section-full_width elementor-section-height-default elementor-section-height-default\" data-id=\"f232379\" data-element_type=\"section\" data-settings=\"{&quot;background_background&quot;:&quot;classic&quot;}\">\n\t\t\t\t\t\t<div class=\"elementor-container elementor-column-gap-default\">\n\t\t\t\t\t<div class=\"elementor-column elementor-col-50 elementor-inner-column elementor-element elementor-element-b77ba26\" data-id=\"b77ba26\" data-element_type=\"column\">\n\t\t\t<div class=\"elementor-widget-wrap elementor-element-populated\">\n\t\t\t\t\t\t<div class=\"elementor-element elementor-element-65d8e32 elementor-widget elementor-widget-heading\" data-id=\"65d8e32\" data-element_type=\"widget\" data-widget_type=\"heading.default\">\n\t\t\t\t<div class=\"elementor-widget-container\">\n\t\t\t<style>\/*! elementor - v3.20.0 - 26-03-2024 *\/\n.elementor-heading-title{padding:0;margin:0;line-height:1}.elementor-widget-heading .elementor-heading-title[class*=elementor-size-]>a{color:inherit;font-size:inherit;line-height:inherit}.elementor-widget-heading .elementor-heading-title.elementor-size-small{font-size:15px}.elementor-widget-heading .elementor-heading-title.elementor-size-medium{font-size:19px}.elementor-widget-heading .elementor-heading-title.elementor-size-large{font-size:29px}.elementor-widget-heading .elementor-heading-title.elementor-size-xl{font-size:39px}.elementor-widget-heading .elementor-heading-title.elementor-size-xxl{font-size:59px}<\/style><span class=\"elementor-heading-title elementor-size-default\">\"Vestel\" prane\u0161a apie pirmaujan\u010dio platintojo \"Westcoast\" paskyrim\u0105<\/span>\t\t<\/div>\n\t\t\t\t<\/div>\n\t\t\t\t\t<\/div>\n\t\t<\/div>\n\t\t\t\t<div class=\"elementor-column elementor-col-50 elementor-inner-column elementor-element elementor-element-48534b7\" data-id=\"48534b7\" data-element_type=\"column\">\n\t\t\t<div class=\"elementor-widget-wrap elementor-element-populated\">\n\t\t\t\t\t\t<div class=\"elementor-element elementor-element-21dff37 elementor-widget elementor-widget-image\" data-id=\"21dff37\" data-element_type=\"widget\" data-widget_type=\"image.default\">\n\t\t\t\t<div class=\"elementor-widget-container\">\n\t\t\t<style>\/*! elementor - v3.20.0 - 26-03-2024 *\/\n.elementor-widget-image{text-align:center}.elementor-widget-image a{display:inline-block}.elementor-widget-image a img[src$=\".svg\"]{width:48px}.elementor-widget-image img{vertical-align:middle;display:inline-block}<\/style>\t\t\t\t\t\t\t\t\t\t<img fetchpriority=\"high\" decoding=\"async\" width=\"380\" height=\"250\" src=\"https:\/\/ledsiena.lt\/wp-content\/uploads\/2024\/02\/press-release-5-880338.png\" class=\"attachment-full size-full wp-image-11409\" alt=\"\" srcset=\"https:\/\/ledsiena.lt\/wp-content\/uploads\/2024\/02\/press-release-5-880338.png 380w, https:\/\/ledsiena.lt\/wp-content\/uploads\/2024\/02\/press-release-5-880338-300x197.png 300w\" sizes=\"(max-width: 380px) 100vw, 380px\" \/>\t\t\t\t\t\t\t\t\t\t\t\t\t<\/div>\n\t\t\t\t<\/div>\n\t\t\t\t\t<\/div>\n\t\t<\/div>\n\t\t\t\t\t<\/div>\n\t\t<\/section>\n\t\t\t\t\t<\/div>\n\t\t<\/div>\n\t\t\t\t\t<\/div>\n\t\t<\/section>\n\t\t\t\t<section class=\"elementor-section elementor-top-section elementor-element elementor-element-9ab0817 elementor-section-boxed elementor-section-height-default elementor-section-height-default\" data-id=\"9ab0817\" data-element_type=\"section\">\n\t\t\t\t\t\t<div class=\"elementor-container elementor-column-gap-default\">\n\t\t\t\t\t<div class=\"elementor-column elementor-col-100 elementor-top-column elementor-element elementor-element-34e9ab9\" data-id=\"34e9ab9\" data-element_type=\"column\">\n\t\t\t<div class=\"elementor-widget-wrap elementor-element-populated\">\n\t\t\t\t\t\t<div class=\"elementor-element elementor-element-ceb449f elementor-widget elementor-widget-text-editor\" data-id=\"ceb449f\" data-element_type=\"widget\" data-widget_type=\"text-editor.default\">\n\t\t\t\t<div class=\"elementor-widget-container\">\n\t\t\t<style>\/*! elementor - v3.20.0 - 26-03-2024 *\/\n.elementor-widget-text-editor.elementor-drop-cap-view-stacked .elementor-drop-cap{background-color:#69727d;color:#fff}.elementor-widget-text-editor.elementor-drop-cap-view-framed .elementor-drop-cap{color:#69727d;border:3px solid;background-color:transparent}.elementor-widget-text-editor:not(.elementor-drop-cap-view-default) .elementor-drop-cap{margin-top:8px}.elementor-widget-text-editor:not(.elementor-drop-cap-view-default) .elementor-drop-cap-letter{width:1em;height:1em}.elementor-widget-text-editor .elementor-drop-cap{float:left;text-align:center;line-height:1;font-size:50px}.elementor-widget-text-editor .elementor-drop-cap-letter{display:inline-block}<\/style>\t\t\t\t<p>Siekdama paremti savo nuolatin\u012f spart\u0173 augim\u0105 ir pl\u0117tr\u0105 Jungtin\u0117je Karalyst\u0117je, &#8222;Vestel&#8221;, pirmaujanti pasaulyje interaktyvi\u0173 didelio formato plok\u0161\u010di\u0173j\u0173 ekran\u0173 gamintoja, paskelb\u0117 apie nauj\u0105 platinimo partneryst\u0119 su pirmaujan\u010diu technologij\u0173 platintoju &#8222;Westcoast&#8221;. \u0160is \u017eingsnis \u012fvyko po intensyvios &#8222;Vestel&#8221; pl\u0117tros, kuri neseniai tapo viena i\u0161 skaitmenini\u0173 i\u0161kab\u0173 rinkos lyderi\u0173, laim\u0117jusi kelet\u0105 svarbi\u0173 konkurs\u0173, \u012fskaitant projekt\u0105 tiekti skryd\u017ei\u0173 ekranus did\u017eiausiam pasaulyje oro uostui.<\/p><p>\u00a0<\/p><p>Siekdama neapsiriboti tradiciniu IT platinimu, &#8222;Westcoast&#8221; tieks plat\u0173 32-98 coli\u0173 &#8222;Vestel&#8221; skaitmenini\u0173 i\u0161kab\u0173 ekran\u0173 ir interaktyvi\u0173 plok\u0161\u010di\u0173j\u0173 ekran\u0173 asortiment\u0105, si\u016blydama savo vis did\u0117jan\u010diam IT perpardav\u0117j\u0173 ir ma\u017emeninink\u0173 klient\u0173 ratui auk\u0161t\u0105 aptarnavimo lyg\u012f, specialist\u0173 mokymus ir rinkos param\u0105, d\u0117l kuri\u0173 ji tapo \u017einoma.<\/p><p>\u00a0<\/p><p>&#8222;Vestel&#8221; asortimente &#8222;Westcoast&#8221; klientai ras daugyb\u0119 rinkoje pirmaujan\u010di\u0173 gamini\u0173, \u012fskaitant didelio ry\u0161kumo vidaus i\u0161kab\u0173 ekranus, kuri\u0173 ry\u0161kumas gali siekti iki 2 500 nit\u0173. Taip pat galima \u012fsigyti &#8222;Meeting Collaboration Cloud Solution&#8221;, kuris \u017eada didesn\u012f interaktyvum\u0105 d\u0117l 65 coli\u0173 projektuojamo talpinio jutiklinio ekrano ir, kaip &#8222;vPro&#8221; ekranas, belaid\u012f ry\u0161\u012f, kad b\u016bt\u0173 galima be vargo naudotis ekrano dalijimosi programine \u012franga &#8222;Intel Unite&#8221;.<\/p><p>\u00a0<\/p><p>Apie &#8222;Vestcoast&#8221; paskyrim\u0105 &#8222;Vestel B2B&#8221; padalinio Jungtin\u0117j Karalyst\u0117j\u00a0vadovas Markas Dew komentuoja. &#8222;Tai svarbus \u017eingsnis, kuriuo siekiama u\u017etikrinti auk\u0161t\u0105 aptarnavimo lyg\u012f dideliam klient\u0173 tinklui. Kad i\u0161laikytume augim\u0105, mums reikia platintojo, kuris pritaria m\u016bs\u0173 siekiui pasi\u016blyti greitesn\u012f reagavimo laik\u0105, taip pat didesn\u012f lankstum\u0105 ir konkurencin\u012f prana\u0161um\u0105. Bendrov\u0117 &#8222;Westcoast&#8221; yra puikus partneris, leid\u017eiantis mums i\u0161pl\u0117sti savo apr\u0117pt\u012f ir pateikti savo produkt\u0173 sprendimus vienam did\u017eiausi\u0173 IT platintoj\u0173.&#8221;<\/p><p>\u00a0<\/p><p>Richardas Carras, &#8222;Westcoast&#8221; ekran\u0173 verslo vadovas, prid\u016br\u0117. &#8222;Tai puiki galimyb\u0117 &#8222;Westcoast&#8221; ir m\u016bs\u0173 klientams. &#8222;Vestel&#8221; skaitmenini\u0173 i\u0161kab\u0173 ir ekran\u0173 asortimentas pad\u0117s m\u016bs\u0173 klientams \u012fgyti konkurencin\u012f prana\u0161um\u0105.&#8221;<\/p><p>\u00a0<\/p><p>&#8222;Tikim\u0117s glaud\u017eiai bendradarbiauti su &#8222;Vestel&#8221;, kad dar labiau padidintume j\u0173 \u017einomum\u0105 Jungtin\u0117s Karalyst\u0117s rinkoje.&#8221;<\/p>\t\t\t\t\t\t<\/div>\n\t\t\t\t<\/div>\n\t\t\t\t\t<\/div>\n\t\t<\/div>\n\t\t\t\t\t<\/div>\n\t\t<\/section>\n\t\t\t\t<\/div>\n\t\t","protected":false},"excerpt":{"rendered":"<p>&#8222;Vestel&#8221; prane\u0161a apie pirmaujan\u010dio platintojo &#8222;Westcoast&#8221; paskyrim\u0105 Siekdama paremti savo nuolatin\u012f spart\u0173 augim\u0105 ir pl\u0117tr\u0105 Jungtin\u0117je Karalyst\u0117je, &#8222;Vestel&#8221;, pirmaujanti pasaulyje interaktyvi\u0173 didelio formato plok\u0161\u010di\u0173j\u0173 ekran\u0173 gamintoja, paskelb\u0117 apie nauj\u0105 platinimo partneryst\u0119 su pirmaujan\u010diu technologij\u0173 platintoju &#8222;Westcoast&#8221;. \u0160is \u017eingsnis \u012fvyko po intensyvios &#8222;Vestel&#8221; pl\u0117tros, kuri neseniai tapo viena i\u0161 skaitmenini\u0173 i\u0161kab\u0173 rinkos lyderi\u0173, laim\u0117jusi kelet\u0105 svarbi\u0173 [&hellip;]<\/p>\n","protected":false},"author":2,"featured_media":0,"parent":0,"menu_order":0,"comment_status":"closed","ping_status":"closed","template":"template-home.php","meta":{"footnotes":""},"_links":{"self":[{"href":"https:\/\/ledsiena.lt\/index.php\/wp-json\/wp\/v2\/pages\/11438"}],"collection":[{"href":"https:\/\/ledsiena.lt\/index.php\/wp-json\/wp\/v2\/pages"}],"about":[{"href":"https:\/\/ledsiena.lt\/index.php\/wp-json\/wp\/v2\/types\/page"}],"author":[{"embeddable":true,"href":"https:\/\/ledsiena.lt\/index.php\/wp-json\/wp\/v2\/users\/2"}],"replies":[{"embeddable":true,"href":"https:\/\/ledsiena.lt\/index.php\/wp-json\/wp\/v2\/comments?post=11438"}],"version-history":[{"count":19,"href":"https:\/\/ledsiena.lt\/index.php\/wp-json\/wp\/v2\/pages\/11438\/revisions"}],"predecessor-version":[{"id":13415,"href":"https:\/\/ledsiena.lt\/index.php\/wp-json\/wp\/v2\/pages\/11438\/revisions\/13415"}],"wp:attachment":[{"href":"https:\/\/ledsiena.lt\/index.php\/wp-json\/wp\/v2\/media?parent=11438"}],"curies":[{"name":"wp","href":"https:\/\/api.w.org\/{rel}","templated":true}]}}