{"id":11436,"date":"2024-02-04T16:38:17","date_gmt":"2024-02-04T16:38:17","guid":{"rendered":"https:\/\/ledsiena.lt\/?page_id=11436"},"modified":"2024-07-04T00:33:31","modified_gmt":"2024-07-04T00:33:31","slug":"vestel-strengthens-its-deneva-partnership-with-deneva-approved-digital-signage-solution","status":"publish","type":"page","link":"https:\/\/ledsiena.lt\/index.php\/vestel-strengthens-its-deneva-partnership-with-deneva-approved-digital-signage-solution\/","title":{"rendered":"Vestel Strengthens its DENEVA Partnership with DENEVA-approved Digital Signage Solution"},"content":{"rendered":"\t\t<div data-elementor-type=\"wp-page\" data-elementor-id=\"11436\" class=\"elementor elementor-11436\">\n\t\t\t\t\t\t<section class=\"elementor-section elementor-top-section elementor-element elementor-element-93786a9 elementor-section-full_width elementor-section-height-default elementor-section-height-default\" data-id=\"93786a9\" data-element_type=\"section\" data-settings=\"{&quot;background_background&quot;:&quot;classic&quot;}\">\n\t\t\t\t\t\t<div class=\"elementor-container elementor-column-gap-default\">\n\t\t\t\t\t<div class=\"elementor-column elementor-col-100 elementor-top-column elementor-element elementor-element-4f75339\" data-id=\"4f75339\" data-element_type=\"column\">\n\t\t\t<div class=\"elementor-widget-wrap elementor-element-populated\">\n\t\t\t\t\t\t<section class=\"elementor-section elementor-inner-section elementor-element elementor-element-f232379 elementor-section-full_width elementor-section-height-default elementor-section-height-default\" data-id=\"f232379\" data-element_type=\"section\" data-settings=\"{&quot;background_background&quot;:&quot;classic&quot;}\">\n\t\t\t\t\t\t<div class=\"elementor-container elementor-column-gap-default\">\n\t\t\t\t\t<div class=\"elementor-column elementor-col-50 elementor-inner-column elementor-element elementor-element-b77ba26\" data-id=\"b77ba26\" data-element_type=\"column\">\n\t\t\t<div class=\"elementor-widget-wrap elementor-element-populated\">\n\t\t\t\t\t\t<div class=\"elementor-element elementor-element-65d8e32 elementor-widget elementor-widget-heading\" data-id=\"65d8e32\" data-element_type=\"widget\" data-widget_type=\"heading.default\">\n\t\t\t\t<div class=\"elementor-widget-container\">\n\t\t\t<style>\/*! elementor - v3.20.0 - 26-03-2024 *\/\n.elementor-heading-title{padding:0;margin:0;line-height:1}.elementor-widget-heading .elementor-heading-title[class*=elementor-size-]>a{color:inherit;font-size:inherit;line-height:inherit}.elementor-widget-heading .elementor-heading-title.elementor-size-small{font-size:15px}.elementor-widget-heading .elementor-heading-title.elementor-size-medium{font-size:19px}.elementor-widget-heading .elementor-heading-title.elementor-size-large{font-size:29px}.elementor-widget-heading .elementor-heading-title.elementor-size-xl{font-size:39px}.elementor-widget-heading .elementor-heading-title.elementor-size-xxl{font-size:59px}<\/style><span class=\"elementor-heading-title elementor-size-default\">\"Vestel\" paskelb\u0117 apie nauj\u0105 pasaulin\u0119 partneryst\u0119 su pirmaujan\u010dia turinio valdymo programin\u0117s \u012frangos tiek\u0117ja \"Telelogos\".<\/span>\t\t<\/div>\n\t\t\t\t<\/div>\n\t\t\t\t\t<\/div>\n\t\t<\/div>\n\t\t\t\t<div class=\"elementor-column elementor-col-50 elementor-inner-column elementor-element elementor-element-48534b7\" data-id=\"48534b7\" data-element_type=\"column\">\n\t\t\t<div class=\"elementor-widget-wrap elementor-element-populated\">\n\t\t\t\t\t\t<div class=\"elementor-element elementor-element-21dff37 elementor-widget elementor-widget-image\" data-id=\"21dff37\" data-element_type=\"widget\" data-widget_type=\"image.default\">\n\t\t\t\t<div class=\"elementor-widget-container\">\n\t\t\t<style>\/*! elementor - v3.20.0 - 26-03-2024 *\/\n.elementor-widget-image{text-align:center}.elementor-widget-image a{display:inline-block}.elementor-widget-image a img[src$=\".svg\"]{width:48px}.elementor-widget-image img{vertical-align:middle;display:inline-block}<\/style>\t\t\t\t\t\t\t\t\t\t<img fetchpriority=\"high\" decoding=\"async\" width=\"520\" height=\"320\" src=\"https:\/\/ledsiena.lt\/wp-content\/uploads\/2024\/02\/press-release-4-835715-1.png\" class=\"attachment-full size-full wp-image-11507\" alt=\"\" srcset=\"https:\/\/ledsiena.lt\/wp-content\/uploads\/2024\/02\/press-release-4-835715-1.png 520w, https:\/\/ledsiena.lt\/wp-content\/uploads\/2024\/02\/press-release-4-835715-1-300x185.png 300w\" sizes=\"(max-width: 520px) 100vw, 520px\" \/>\t\t\t\t\t\t\t\t\t\t\t\t\t<\/div>\n\t\t\t\t<\/div>\n\t\t\t\t\t<\/div>\n\t\t<\/div>\n\t\t\t\t\t<\/div>\n\t\t<\/section>\n\t\t\t\t\t<\/div>\n\t\t<\/div>\n\t\t\t\t\t<\/div>\n\t\t<\/section>\n\t\t\t\t<section class=\"elementor-section elementor-top-section elementor-element elementor-element-9ab0817 elementor-section-boxed elementor-section-height-default elementor-section-height-default\" data-id=\"9ab0817\" data-element_type=\"section\">\n\t\t\t\t\t\t<div class=\"elementor-container elementor-column-gap-default\">\n\t\t\t\t\t<div class=\"elementor-column elementor-col-100 elementor-top-column elementor-element elementor-element-34e9ab9\" data-id=\"34e9ab9\" data-element_type=\"column\">\n\t\t\t<div class=\"elementor-widget-wrap elementor-element-populated\">\n\t\t\t\t\t\t<div class=\"elementor-element elementor-element-ceb449f elementor-widget elementor-widget-text-editor\" data-id=\"ceb449f\" data-element_type=\"widget\" data-widget_type=\"text-editor.default\">\n\t\t\t\t<div class=\"elementor-widget-container\">\n\t\t\t<style>\/*! elementor - v3.20.0 - 26-03-2024 *\/\n.elementor-widget-text-editor.elementor-drop-cap-view-stacked .elementor-drop-cap{background-color:#69727d;color:#fff}.elementor-widget-text-editor.elementor-drop-cap-view-framed .elementor-drop-cap{color:#69727d;border:3px solid;background-color:transparent}.elementor-widget-text-editor:not(.elementor-drop-cap-view-default) .elementor-drop-cap{margin-top:8px}.elementor-widget-text-editor:not(.elementor-drop-cap-view-default) .elementor-drop-cap-letter{width:1em;height:1em}.elementor-widget-text-editor .elementor-drop-cap{float:left;text-align:center;line-height:1;font-size:50px}.elementor-widget-text-editor .elementor-drop-cap-letter{display:inline-block}<\/style>\t\t\t\t<p><strong>Manisa, Turkija, 2020 m. gruod\u017eio 9 d.<\/strong> &#8211; &#8222;Vestel Visual Solutions&#8221;, t\u0119sdama ilgamet\u0119 pasaulin\u0119 partneryst\u0119 su DENEVA programin\u0117s \u012frangos gamintoja &#8222;ICON Multimedia&#8221;, pirmaujanti profesionali\u0173 ekran\u0173 gamintoja &#8222;Vestel Visual Solutions&#8221; pristat\u0117 nauj\u0105 DENEVA patvirtint\u0105 ir sertifikuot\u0105 &#8222;Systemon-Chip&#8221; technologijos sprendim\u0105. Naujasis sprendimas, leid\u017eiantis visas pasaulinio lygio DENEVA platformos galimybes skland\u017eiai integruoti \u012f vis\u0105 &#8222;Vestel&#8221; 43-98 coli\u0173 skaitmenini\u0173 informacini\u0173 ekran\u0173 linij\u0105, suteikia integratoriams papildom\u0105 konkurencin\u012f prana\u0161um\u0105 ir i\u0161ple\u010dia projekt\u0173 galimybes \u012fvairiose pramon\u0117s srityse.<\/p><p>\u00a0<\/p><p>Suteikdama galimyb\u0119 sukurti vientis\u0105 ir ekonomi\u0161k\u0105 &#8222;iki rakt\u0173&#8221; skaitmenin\u0117s i\u0161kabos sprendim\u0105 su visame pasaulyje pripa\u017einta, kei\u010diamo dyd\u017eio ir patogia naudoti programine \u012franga, \u0161i integruota SoC technologija u\u017etikrina, kad galima gerokai sutaupyti l\u0117\u0161\u0173, pradedant nedidel\u0117mis skaitmenin\u0117s i\u0161kabos sistemomis ir baigiant specialiais, pagal u\u017esakym\u0105 rengiamais projektais bei skubiais tarptautiniais diegimo projektais. Be to, kad nereikia jokios tarpin\u0117s programin\u0117s \u012frangos, ji supaprastina diegimo proces\u0105, taip pat padeda suma\u017einti diegimo, eksploatavimo ir prie\u017ei\u016bros i\u0161laidas iki minimumo.<\/p><p>\u00a0<\/p><p>Vos tik prijungus prie maitinimo \u0161altinio ir tinklo, \u0161is i\u0161 karto i\u0161pakuotas ekrano sprendimas u\u017etikrina automatizuot\u0105 centralizuot\u0105 ma\u017e\u0173, vidutini\u0173 ir \u012fmoni\u0173 skaitmenini\u0173 i\u0161kab\u0173 tinkl\u0173 valdym\u0105, tod\u0117l galutiniai naudotojai gali kurti tinklo programas, taip pat kurti ir planuoti bet kokios rai\u0161kos daugialyp\u0117s terp\u0117s turin\u012f vienam, keliems ar visiems ekranams. Norint, kad vaizdas b\u016bt\u0173 dar labiau \u012ftraukiantis, dauguma &#8222;Vestel&#8221; skaitmenini\u0173 i\u0161kab\u0173 asortimento palaiko 4K UHD HDR turinio rodym\u0105 ir atk\u016brim\u0105.<\/p><p>\u00a0<\/p><p>Remdamasi i\u0161bandytos, patikimos ir tarptautiniu mastu pripa\u017eintos partneryst\u0117s su DENEVA ma\u017emenin\u0117s prekybos, verslo ir QSR sektoriuose s\u0117kme, &#8222;Vestel Visual Solutions&#8221;, \u012fdiegusi nauj\u0105 integruot\u0105 DENEVA sprendim\u0105, dabar gali pasi\u016blyti dar didesn\u0119 integruot\u0105 specialist\u0173 ir tikslin\u0119 pagalb\u0105. Sprendimas, suderinamas su visomis naujausiomis DENEVA programin\u0117s \u012frangos programomis, u\u017etikrina individual\u0173 funkcionalum\u0105 visuose sektoriuose &#8211; nuo ma\u017emenin\u0117s prekybos, QSR, finans\u0173, prekybos centr\u0173 ir vie\u0161bu\u010di\u0173 iki verslo, \u0161vietimo, transporto ir sveikatos prie\u017ei\u016bros.<\/p><p>\u00a0<\/p><p>Dabar &#8222;Vestel&#8221; ekran\u0173 asortimentas su &#8222;SoC&#8221; procesoriumi taip pat patvirtintas kaip suderinamas su naujuoju &#8222;DENEVA Safe and Tech&#8221; sprendimu. Jame naudojamos dirbtinio intelekto, did\u017ei\u0173j\u0173 duomen\u0173 ir biometrin\u0117s sistemos, u\u017etikrinan\u010dios, kad \u012fmon\u0117s gal\u0117t\u0173 lengviau laikytis naujausi\u0173 &#8222;Covid-19&#8221; taisykli\u0173 d\u0117l did\u017eiausios parduotuv\u0117je esan\u010dios talpos, kauk\u0117s d\u0117v\u0117jimo ir socialin\u0117s distancijos.<\/p><p>\u00a0<\/p><p>Lanksti &#8222;Vestel&#8221; serija, skirta portreto ir kra\u0161tovaizd\u017eio orientacijai, gali b\u016bti pritaikyta bet kokiai aplinkai ir pasi\u017eymi \u012fvairiomis ekrano galimyb\u0117mis, \u012fskaitant nepertraukiam\u0105 16\/7 ir 24\/7 veikimo laik\u0105, taip pat iki 2 500 nit\u0173 ry\u0161kumo lyg\u012f.<\/p><p>\u00a0<\/p><p>Nuo 2021 m. SoC technologinis sprendimas bus prieinamas visai &#8222;Vestel&#8221; skaitmenini\u0173 i\u0161kab\u0173 serijai.<\/p>\t\t\t\t\t\t<\/div>\n\t\t\t\t<\/div>\n\t\t\t\t\t<\/div>\n\t\t<\/div>\n\t\t\t\t\t<\/div>\n\t\t<\/section>\n\t\t\t\t<\/div>\n\t\t","protected":false},"excerpt":{"rendered":"<p>&#8222;Vestel&#8221; paskelb\u0117 apie nauj\u0105 pasaulin\u0119 partneryst\u0119 su pirmaujan\u010dia turinio valdymo programin\u0117s \u012frangos tiek\u0117ja &#8222;Telelogos&#8221;. Manisa, Turkija, 2020 m. gruod\u017eio 9 d. &#8211; &#8222;Vestel Visual Solutions&#8221;, t\u0119sdama ilgamet\u0119 pasaulin\u0119 partneryst\u0119 su DENEVA programin\u0117s \u012frangos gamintoja &#8222;ICON Multimedia&#8221;, pirmaujanti profesionali\u0173 ekran\u0173 gamintoja &#8222;Vestel Visual Solutions&#8221; pristat\u0117 nauj\u0105 DENEVA patvirtint\u0105 ir sertifikuot\u0105 &#8222;Systemon-Chip&#8221; technologijos sprendim\u0105. Naujasis sprendimas, leid\u017eiantis [&hellip;]<\/p>\n","protected":false},"author":2,"featured_media":0,"parent":0,"menu_order":0,"comment_status":"closed","ping_status":"closed","template":"template-home.php","meta":{"footnotes":""},"_links":{"self":[{"href":"https:\/\/ledsiena.lt\/index.php\/wp-json\/wp\/v2\/pages\/11436"}],"collection":[{"href":"https:\/\/ledsiena.lt\/index.php\/wp-json\/wp\/v2\/pages"}],"about":[{"href":"https:\/\/ledsiena.lt\/index.php\/wp-json\/wp\/v2\/types\/page"}],"author":[{"embeddable":true,"href":"https:\/\/ledsiena.lt\/index.php\/wp-json\/wp\/v2\/users\/2"}],"replies":[{"embeddable":true,"href":"https:\/\/ledsiena.lt\/index.php\/wp-json\/wp\/v2\/comments?post=11436"}],"version-history":[{"count":13,"href":"https:\/\/ledsiena.lt\/index.php\/wp-json\/wp\/v2\/pages\/11436\/revisions"}],"predecessor-version":[{"id":13412,"href":"https:\/\/ledsiena.lt\/index.php\/wp-json\/wp\/v2\/pages\/11436\/revisions\/13412"}],"wp:attachment":[{"href":"https:\/\/ledsiena.lt\/index.php\/wp-json\/wp\/v2\/media?parent=11436"}],"curies":[{"name":"wp","href":"https:\/\/api.w.org\/{rel}","templated":true}]}}