{"id":11434,"date":"2024-02-04T16:37:18","date_gmt":"2024-02-04T16:37:18","guid":{"rendered":"https:\/\/ledsiena.lt\/?page_id=11434"},"modified":"2024-07-04T00:29:51","modified_gmt":"2024-07-04T00:29:51","slug":"vestel-celebrates-the-launch-of-its-new-ifx-series-with-nft-art-collection","status":"publish","type":"page","link":"https:\/\/ledsiena.lt\/index.php\/vestel-celebrates-the-launch-of-its-new-ifx-series-with-nft-art-collection\/","title":{"rendered":"Vestel celebrates the launch of its new IFX Series with NFT art collection"},"content":{"rendered":"\t\t<div data-elementor-type=\"wp-page\" data-elementor-id=\"11434\" class=\"elementor elementor-11434\">\n\t\t\t\t\t\t<section class=\"elementor-section elementor-top-section elementor-element elementor-element-93786a9 elementor-section-full_width elementor-section-height-default elementor-section-height-default\" data-id=\"93786a9\" data-element_type=\"section\" data-settings=\"{&quot;background_background&quot;:&quot;classic&quot;}\">\n\t\t\t\t\t\t<div class=\"elementor-container elementor-column-gap-default\">\n\t\t\t\t\t<div class=\"elementor-column elementor-col-100 elementor-top-column elementor-element elementor-element-4f75339\" data-id=\"4f75339\" data-element_type=\"column\">\n\t\t\t<div class=\"elementor-widget-wrap elementor-element-populated\">\n\t\t\t\t\t\t<section class=\"elementor-section elementor-inner-section elementor-element elementor-element-f232379 elementor-section-full_width elementor-section-height-default elementor-section-height-default\" data-id=\"f232379\" data-element_type=\"section\" data-settings=\"{&quot;background_background&quot;:&quot;classic&quot;}\">\n\t\t\t\t\t\t<div class=\"elementor-container elementor-column-gap-default\">\n\t\t\t\t\t<div class=\"elementor-column elementor-col-50 elementor-inner-column elementor-element elementor-element-b77ba26\" data-id=\"b77ba26\" data-element_type=\"column\">\n\t\t\t<div class=\"elementor-widget-wrap elementor-element-populated\">\n\t\t\t\t\t\t<div class=\"elementor-element elementor-element-65d8e32 elementor-widget elementor-widget-heading\" data-id=\"65d8e32\" data-element_type=\"widget\" data-widget_type=\"heading.default\">\n\t\t\t\t<div class=\"elementor-widget-container\">\n\t\t\t<style>\/*! elementor - v3.20.0 - 26-03-2024 *\/\n.elementor-heading-title{padding:0;margin:0;line-height:1}.elementor-widget-heading .elementor-heading-title[class*=elementor-size-]>a{color:inherit;font-size:inherit;line-height:inherit}.elementor-widget-heading .elementor-heading-title.elementor-size-small{font-size:15px}.elementor-widget-heading .elementor-heading-title.elementor-size-medium{font-size:19px}.elementor-widget-heading .elementor-heading-title.elementor-size-large{font-size:29px}.elementor-widget-heading .elementor-heading-title.elementor-size-xl{font-size:39px}.elementor-widget-heading .elementor-heading-title.elementor-size-xxl{font-size:59px}<\/style><span class=\"elementor-heading-title elementor-size-default\">\"Vestel\" \u0161ven\u010dia naujosios IFX serijos pristatym\u0105 su NFT meno kolekcija<\/span>\t\t<\/div>\n\t\t\t\t<\/div>\n\t\t\t\t\t<\/div>\n\t\t<\/div>\n\t\t\t\t<div class=\"elementor-column elementor-col-50 elementor-inner-column elementor-element elementor-element-48534b7\" data-id=\"48534b7\" data-element_type=\"column\">\n\t\t\t<div class=\"elementor-widget-wrap elementor-element-populated\">\n\t\t\t\t\t\t<div class=\"elementor-element elementor-element-21dff37 elementor-widget elementor-widget-image\" data-id=\"21dff37\" data-element_type=\"widget\" data-widget_type=\"image.default\">\n\t\t\t\t<div class=\"elementor-widget-container\">\n\t\t\t<style>\/*! elementor - v3.20.0 - 26-03-2024 *\/\n.elementor-widget-image{text-align:center}.elementor-widget-image a{display:inline-block}.elementor-widget-image a img[src$=\".svg\"]{width:48px}.elementor-widget-image img{vertical-align:middle;display:inline-block}<\/style>\t\t\t\t\t\t\t\t\t\t<img fetchpriority=\"high\" decoding=\"async\" width=\"735\" height=\"750\" src=\"https:\/\/ledsiena.lt\/wp-content\/uploads\/2024\/02\/press-release-3-820031.png\" class=\"attachment-full size-full wp-image-11395\" alt=\"\" srcset=\"https:\/\/ledsiena.lt\/wp-content\/uploads\/2024\/02\/press-release-3-820031.png 735w, https:\/\/ledsiena.lt\/wp-content\/uploads\/2024\/02\/press-release-3-820031-294x300.png 294w, https:\/\/ledsiena.lt\/wp-content\/uploads\/2024\/02\/press-release-3-820031-70x70.png 70w, https:\/\/ledsiena.lt\/wp-content\/uploads\/2024\/02\/press-release-3-820031-600x612.png 600w\" sizes=\"(max-width: 735px) 100vw, 735px\" \/>\t\t\t\t\t\t\t\t\t\t\t\t\t<\/div>\n\t\t\t\t<\/div>\n\t\t\t\t\t<\/div>\n\t\t<\/div>\n\t\t\t\t\t<\/div>\n\t\t<\/section>\n\t\t\t\t\t<\/div>\n\t\t<\/div>\n\t\t\t\t\t<\/div>\n\t\t<\/section>\n\t\t\t\t<section class=\"elementor-section elementor-top-section elementor-element elementor-element-9ab0817 elementor-section-boxed elementor-section-height-default elementor-section-height-default\" data-id=\"9ab0817\" data-element_type=\"section\">\n\t\t\t\t\t\t<div class=\"elementor-container elementor-column-gap-default\">\n\t\t\t\t\t<div class=\"elementor-column elementor-col-100 elementor-top-column elementor-element elementor-element-34e9ab9\" data-id=\"34e9ab9\" data-element_type=\"column\">\n\t\t\t<div class=\"elementor-widget-wrap elementor-element-populated\">\n\t\t\t\t\t\t<div class=\"elementor-element elementor-element-ceb449f elementor-widget elementor-widget-text-editor\" data-id=\"ceb449f\" data-element_type=\"widget\" data-widget_type=\"text-editor.default\">\n\t\t\t\t<div class=\"elementor-widget-container\">\n\t\t\t<style>\/*! elementor - v3.20.0 - 26-03-2024 *\/\n.elementor-widget-text-editor.elementor-drop-cap-view-stacked .elementor-drop-cap{background-color:#69727d;color:#fff}.elementor-widget-text-editor.elementor-drop-cap-view-framed .elementor-drop-cap{color:#69727d;border:3px solid;background-color:transparent}.elementor-widget-text-editor:not(.elementor-drop-cap-view-default) .elementor-drop-cap{margin-top:8px}.elementor-widget-text-editor:not(.elementor-drop-cap-view-default) .elementor-drop-cap-letter{width:1em;height:1em}.elementor-widget-text-editor .elementor-drop-cap{float:left;text-align:center;line-height:1;font-size:50px}.elementor-widget-text-editor .elementor-drop-cap-letter{display:inline-block}<\/style>\t\t\t\t<p>&#8222;Vestel Visual Solutions&#8221; pa\u017eym\u0117jo naujos kartos IFX serijos 4K interaktyvi\u0173j\u0173 ekran\u0173 pristatym\u0105, sukurdama ir demonstruodama savo NFT meno kolekcij\u0105. Meno k\u016briniai, vaizduojantys did\u017eiausius vis\u0173 laik\u0173 m\u0105stytojus, \u012fskaitant Aristotel\u012f, Sokrat\u0105 ir Hipokrat\u0105, buvo sukurti naudojant intuityvi\u0105 IFX ekran\u0173 &#8222;Whiteboard&#8221; program\u0105. NFT meno kolekcija, kuri\u0105 sudaro \u0161e\u0161i k\u016briniai, jau veikia &#8222;OpenSea&#8221;.<\/p><p>\u00a0<\/p><p>&#8222;Android 9.0&#8221; valdomi &#8222;IFX&#8221; ekranai, si\u016blantys pritaikyt\u0105 technologin\u012f sprendim\u0105 tiek klasei, tiek pos\u0117d\u017ei\u0173 salei, \u012fkvepia ir palaiko vis\u0173 form\u0173 k\u016brybi\u0161kum\u0105 &#8211; nuo dizaino ir id\u0117j\u0173 iki dinami\u0161ko problem\u0173 sprendimo. Pristatydami IFX serij\u0105, nor\u0117jome tai iliustruoti k\u016brybi\u0161kai ir dinami\u0161kai&#8221;, &#8211; sak\u0117 Selcenas Uyguntuzelis, &#8222;Vestel&#8221; pardavim\u0173 skyriaus generalinio direktoriaus pavaduotojas Selcenas Uyguntuzelis. &#8222;Naudodamiesi &#8222;IFX Whiteboard&#8221; programa savo skaitmeninio meno kolekcijai sukurti, manome, kad mums pavyko tai pasiekti. Tapome ne tik vieni pirm\u0173j\u0173 AV preki\u0173 \u017eenkl\u0173, kurie patys suk\u016br\u0117 ir v\u0117liau i\u0161kal\u0117 savo men\u0105, bet ir panaudojo NFT kolekcij\u0105 produktui pristatyti.&#8221;<\/p><p>\u00a0<\/p><p>&#8222;Vestel&#8221; rinkodaros generalinio direktoriaus pavaduotoja Bar\u0131\u015f Alt\u0131nkaya apie NFT meno k\u016brinius prid\u016br\u0117: &#8222;Smagi kolekcija, o pats menas &#8211; tai palink\u0117jimas didiesiems novatoriams, kurie nuties\u0117 keli\u0105 \u0161iandienos lyderiams ir rytojaus naujajai dinami\u0161k\u0173 m\u0105stytoj\u0173 kartai.&#8221;<\/p><p>\u00a0<\/p><p><strong>86&#8243;\/75&#8243;\/65&#8243; &#8222;Vestel IFX&#8221; serija<\/strong><\/p><p>\u00a0<\/p><p>Idealiai tinkantys bet kokiai aplinkai, nepriklausomai nuo ap\u0161vietimo s\u0105lyg\u0173, nuo atspind\u017ei\u0173 apsaugantys, didesnio ry\u0161kumo ekranai si\u016blo visi\u0161kai nauj\u0105 \u012fsitraukimo lyg\u012f, nes suteikia itin svaiginan\u010di\u0105 \u017ei\u016br\u0117jimo dideliame ekrane patirt\u012f. 4K HDR turin\u012f galima rodyti itin plonu r\u0117meliu, tod\u0117l viskas ekrane matoma i\u0161skirtin\u0117mis spalvomis ir rai\u0161ka. Du galingi 20 W priekiniai garsiakalbiai taip pat maksimaliai padidina \u012fsitraukim\u0105, i\u0161ry\u0161kina ekrane rodom\u0105 dialog\u0105 ir u\u017etikrina visapusi\u0161k\u0105 gars\u0105.<\/p><p>\u00a0<\/p><p>&#8222;B\u016btent \u0161ios pirmaujan\u010dios garso ir vaizdo charakteristikos, &#8211; sak\u0117 &#8222;Vestel&#8221; produkt\u0173 vadybos generalinio direktoriaus pavaduotojas Bar\u0131\u015f Okesli, &#8211; gali sutelkti naudotoj\u0173 d\u0117mes\u012f ir padidinti produktyvum\u0105 bet kokiomis aplinkyb\u0117mis.&#8221;<\/p><p>\u00a0<\/p><p><strong>Bendradarbiavimo, k\u016brybi\u0161kumo ir produktyvumo skatinimas<\/strong><\/p><p>\u00a0<\/p><p>Dvide\u0161imties ta\u0161k\u0173 infraraudon\u0173j\u0173 spinduli\u0173 jutiklin\u0117 technologija palengvina bendradarbiavim\u0105, suteikdama galimyb\u0119 keliems naudotojams vienu metu dirbti ekrane.<\/p><p>\u00a0<\/p><p>Visi gali bendradarbiauti ir padaryti daugiau per trumpesn\u012f laik\u0105. Paprastu gestu galima \u012fjungti funkcij\u0105 &#8222;Quick Palette&#8221;, kad greitai pasiektum\u0117te ra\u0161ikl\u012f ir \u017eymekl\u012f, taip pat ekrano fotografavimo ir ekrano apkarpymo \u012frankius. Ekranai su itin glotnia apdaila taip pat u\u017etikrina itin jautr\u0173 ra\u0161ym\u0105 ra\u0161ikliu ir ra\u0161om\u0105ja lenta.<\/p><p>\u00a0<\/p><p><strong>Baltosios lentos programa<\/strong><\/p><p>\u00a0<\/p><p>Baltosios lentos programa suteikia puiki\u0105 didelio ekrano tu\u0161\u010di\u0105 drob\u0119, kurioje galite ra\u0161yti, pie\u0161ti, ry\u0161kinti ir kurti naudodami galingus ekran\u0173 ra\u0161iklio ir jutiklinius \u012frankius. Kad b\u016bt\u0173 lengviau bendrauti, ekranuose esantis itin tikslus magnetinis ra\u0161iklis suteikia galimyb\u0119 automati\u0161kai atpa\u017einti spalv\u0105 ir du ra\u0161iklio galiuk\u0173 dyd\u017eius. Formos ir ra\u0161ymo ranka \u012f tekst\u0105 atpa\u017einimo funkcijos taip pat padeda u\u017etikrinti, kad visas j\u016bs\u0173 kuriamas turinys bus ai\u0161kus ir atrodys profesionaliai.<\/p><p>\u00a0<\/p><p>Pedagogai ir komand\u0173 vadovai gali pamokas ir strateginius u\u017esi\u0117mimus padaryti dinami\u0161kesnius, i\u0161 ekranuose integruotos &#8222;Chromium&#8221; \u017einiatinklio nar\u0161ykl\u0117s i\u0161sitraukdami papildom\u0105 turin\u012f, kuris pad\u0117s iliustruoti j\u0173 mintis.<\/p><p>\u00a0<\/p><p><strong>Ekrano bendrinimas<\/strong><\/p><p>\u00a0<\/p><p>Naudodami &#8222;Eshare&#8221; program\u0105 galite belaid\u017eiu ry\u0161iu dalytis turiniu \u012f visus prijungtus su &#8222;Android&#8221; suderinamus \u012frenginius ir i\u0161 j\u0173. Be \u0161ios program\u0117l\u0117s, taip pat galite naudoti QR kodus, kurie leid\u017eia sve\u010diams belaid\u017eiu ry\u0161iu prisijungti prie ekran\u0173 i\u0161 bet kurio prijungto \u012frenginio.<\/p><p>\u00a0<\/p><p><strong>Pritaikyta klas\u0117s ir pos\u0117d\u017ei\u0173 sal\u0117s patirtis<\/strong><\/p><p>\u00a0<\/p><p>Naudojant &#8222;Android 9.0&#8221; operacin\u0119 sistem\u0105, ekranai sukurti taip, kad juose b\u016bt\u0173 galima naudoti \u012fvairesnes programas, kad jie atitikt\u0173 skirtingus mokymo stilius, mokini\u0173 poreikius ir verslo tikslus.<\/p><p>\u00a0<\/p><p>Interaktyvi pristatym\u0173 ir bendradarbiavimo programin\u0117 \u012franga &#8222;Qwizdom Oktopus&#8221; dar labiau palaiko mokym\u0105, si\u016blydama rinktis i\u0161 daugiau nei 70 konkre\u010di\u0173 dalyk\u0173 mokymo priemoni\u0173.<\/p><p>\u00a0<\/p><p><strong>Ry\u0161iai<\/strong><\/p><p>\u00a0<\/p><p>Naujojoje IFX serijoje rasite daugyb\u0119 lengvai pasiekiam\u0173 jungiam\u0173j\u0173 galimybi\u0173, esan\u010di\u0173 ekran\u0173 priekyje. Tarp j\u0173 yra kelios HDMI \u012fvestys, taip pat C tipo USB prievadas ir atviros jungiamosios specifikacijos (OPS) lizdas.<\/p><p>\u00a0<\/p><p>Kad prisijungimas b\u016bt\u0173 greitas ir saugus, d\u0117l ekranuose esan\u010di\u0173 NFC jutikli\u0173 paskyroms ir nustatymams pasiekti galima naudoti priskirtas fob korteles\u00a0(elektroninis prietaisas, skirtas \u012fgaliotiems asmenims atrakinti duris). O naudodamiesi papildoma\u00a0kompiuterijos pagrindu veikian\u010dia &#8222;Vestel Board Management&#8221; sistema, IT skyriai gali saugiai nustatyti mokytoj\u0173 profilius.<\/p><p>\u00a0<\/p><p>Visi trys ekranai turi gr\u016bdint\u0105, \u012fbr\u0117\u017eimams atspar\u0173 stikl\u0105, taip pat &#8222;Eye-care&#8221; sprendim\u0105, ma\u017einant\u012f aki\u0173 nuovargio rizik\u0105.<\/p>\t\t\t\t\t\t<\/div>\n\t\t\t\t<\/div>\n\t\t\t\t\t<\/div>\n\t\t<\/div>\n\t\t\t\t\t<\/div>\n\t\t<\/section>\n\t\t\t\t<\/div>\n\t\t","protected":false},"excerpt":{"rendered":"<p>&#8222;Vestel&#8221; \u0161ven\u010dia naujosios IFX serijos pristatym\u0105 su NFT meno kolekcija &#8222;Vestel Visual Solutions&#8221; pa\u017eym\u0117jo naujos kartos IFX serijos 4K interaktyvi\u0173j\u0173 ekran\u0173 pristatym\u0105, sukurdama ir demonstruodama savo NFT meno kolekcij\u0105. Meno k\u016briniai, vaizduojantys did\u017eiausius vis\u0173 laik\u0173 m\u0105stytojus, \u012fskaitant Aristotel\u012f, Sokrat\u0105 ir Hipokrat\u0105, buvo sukurti naudojant intuityvi\u0105 IFX ekran\u0173 &#8222;Whiteboard&#8221; program\u0105. NFT meno kolekcija, kuri\u0105 sudaro \u0161e\u0161i [&hellip;]<\/p>\n","protected":false},"author":2,"featured_media":0,"parent":0,"menu_order":0,"comment_status":"closed","ping_status":"closed","template":"template-home.php","meta":{"footnotes":""},"_links":{"self":[{"href":"https:\/\/ledsiena.lt\/index.php\/wp-json\/wp\/v2\/pages\/11434"}],"collection":[{"href":"https:\/\/ledsiena.lt\/index.php\/wp-json\/wp\/v2\/pages"}],"about":[{"href":"https:\/\/ledsiena.lt\/index.php\/wp-json\/wp\/v2\/types\/page"}],"author":[{"embeddable":true,"href":"https:\/\/ledsiena.lt\/index.php\/wp-json\/wp\/v2\/users\/2"}],"replies":[{"embeddable":true,"href":"https:\/\/ledsiena.lt\/index.php\/wp-json\/wp\/v2\/comments?post=11434"}],"version-history":[{"count":16,"href":"https:\/\/ledsiena.lt\/index.php\/wp-json\/wp\/v2\/pages\/11434\/revisions"}],"predecessor-version":[{"id":13408,"href":"https:\/\/ledsiena.lt\/index.php\/wp-json\/wp\/v2\/pages\/11434\/revisions\/13408"}],"wp:attachment":[{"href":"https:\/\/ledsiena.lt\/index.php\/wp-json\/wp\/v2\/media?parent=11434"}],"curies":[{"name":"wp","href":"https:\/\/api.w.org\/{rel}","templated":true}]}}