{"id":11431,"date":"2024-02-04T16:35:00","date_gmt":"2024-02-04T16:35:00","guid":{"rendered":"https:\/\/ledsiena.lt\/?page_id=11431"},"modified":"2024-07-04T00:26:22","modified_gmt":"2024-07-04T00:26:22","slug":"vestel-launches-vhuddle-pro-meeting-room-solution","status":"publish","type":"page","link":"https:\/\/ledsiena.lt\/index.php\/vestel-launches-vhuddle-pro-meeting-room-solution\/","title":{"rendered":"Vestel launches VHuddle Pro meeting room solution"},"content":{"rendered":"\t\t<div data-elementor-type=\"wp-page\" data-elementor-id=\"11431\" class=\"elementor elementor-11431\">\n\t\t\t\t\t\t<section class=\"elementor-section elementor-top-section elementor-element elementor-element-93786a9 elementor-section-full_width elementor-section-height-default elementor-section-height-default\" data-id=\"93786a9\" data-element_type=\"section\" data-settings=\"{&quot;background_background&quot;:&quot;classic&quot;}\">\n\t\t\t\t\t\t<div class=\"elementor-container elementor-column-gap-default\">\n\t\t\t\t\t<div class=\"elementor-column elementor-col-100 elementor-top-column elementor-element elementor-element-4f75339\" data-id=\"4f75339\" data-element_type=\"column\">\n\t\t\t<div class=\"elementor-widget-wrap elementor-element-populated\">\n\t\t\t\t\t\t<section class=\"elementor-section elementor-inner-section elementor-element elementor-element-f232379 elementor-section-full_width elementor-section-height-default elementor-section-height-default\" data-id=\"f232379\" data-element_type=\"section\" data-settings=\"{&quot;background_background&quot;:&quot;classic&quot;}\">\n\t\t\t\t\t\t<div class=\"elementor-container elementor-column-gap-default\">\n\t\t\t\t\t<div class=\"elementor-column elementor-col-50 elementor-inner-column elementor-element elementor-element-b77ba26\" data-id=\"b77ba26\" data-element_type=\"column\">\n\t\t\t<div class=\"elementor-widget-wrap elementor-element-populated\">\n\t\t\t\t\t\t<div class=\"elementor-element elementor-element-65d8e32 elementor-widget elementor-widget-heading\" data-id=\"65d8e32\" data-element_type=\"widget\" data-widget_type=\"heading.default\">\n\t\t\t\t<div class=\"elementor-widget-container\">\n\t\t\t<style>\/*! elementor - v3.20.0 - 26-03-2024 *\/\n.elementor-heading-title{padding:0;margin:0;line-height:1}.elementor-widget-heading .elementor-heading-title[class*=elementor-size-]>a{color:inherit;font-size:inherit;line-height:inherit}.elementor-widget-heading .elementor-heading-title.elementor-size-small{font-size:15px}.elementor-widget-heading .elementor-heading-title.elementor-size-medium{font-size:19px}.elementor-widget-heading .elementor-heading-title.elementor-size-large{font-size:29px}.elementor-widget-heading .elementor-heading-title.elementor-size-xl{font-size:39px}.elementor-widget-heading .elementor-heading-title.elementor-size-xxl{font-size:59px}<\/style><span class=\"elementor-heading-title elementor-size-default\">\"Vestel\" pristato \"VHuddle Pro\" susitikim\u0173 kambario sprendim\u0105<\/span>\t\t<\/div>\n\t\t\t\t<\/div>\n\t\t\t\t\t<\/div>\n\t\t<\/div>\n\t\t\t\t<div class=\"elementor-column elementor-col-50 elementor-inner-column elementor-element elementor-element-48534b7\" data-id=\"48534b7\" data-element_type=\"column\">\n\t\t\t<div class=\"elementor-widget-wrap elementor-element-populated\">\n\t\t\t\t\t\t<div class=\"elementor-element elementor-element-21dff37 elementor-widget__width-initial elementor-widget elementor-widget-image\" data-id=\"21dff37\" data-element_type=\"widget\" data-widget_type=\"image.default\">\n\t\t\t\t<div class=\"elementor-widget-container\">\n\t\t\t<style>\/*! elementor - v3.20.0 - 26-03-2024 *\/\n.elementor-widget-image{text-align:center}.elementor-widget-image a{display:inline-block}.elementor-widget-image a img[src$=\".svg\"]{width:48px}.elementor-widget-image img{vertical-align:middle;display:inline-block}<\/style>\t\t\t\t\t\t\t\t\t\t<img fetchpriority=\"high\" decoding=\"async\" width=\"1080\" height=\"739\" src=\"https:\/\/ledsiena.lt\/wp-content\/uploads\/2024\/02\/press-release-2-216323-1.jpg\" class=\"attachment-full size-full wp-image-11477\" alt=\"\" srcset=\"https:\/\/ledsiena.lt\/wp-content\/uploads\/2024\/02\/press-release-2-216323-1.jpg 1080w, https:\/\/ledsiena.lt\/wp-content\/uploads\/2024\/02\/press-release-2-216323-1-300x205.jpg 300w, https:\/\/ledsiena.lt\/wp-content\/uploads\/2024\/02\/press-release-2-216323-1-1024x701.jpg 1024w, https:\/\/ledsiena.lt\/wp-content\/uploads\/2024\/02\/press-release-2-216323-1-768x526.jpg 768w, https:\/\/ledsiena.lt\/wp-content\/uploads\/2024\/02\/press-release-2-216323-1-600x411.jpg 600w\" sizes=\"(max-width: 1080px) 100vw, 1080px\" \/>\t\t\t\t\t\t\t\t\t\t\t\t\t<\/div>\n\t\t\t\t<\/div>\n\t\t\t\t\t<\/div>\n\t\t<\/div>\n\t\t\t\t\t<\/div>\n\t\t<\/section>\n\t\t\t\t\t<\/div>\n\t\t<\/div>\n\t\t\t\t\t<\/div>\n\t\t<\/section>\n\t\t\t\t<section class=\"elementor-section elementor-top-section elementor-element elementor-element-9ab0817 elementor-section-boxed elementor-section-height-default elementor-section-height-default\" data-id=\"9ab0817\" data-element_type=\"section\">\n\t\t\t\t\t\t<div class=\"elementor-container elementor-column-gap-default\">\n\t\t\t\t\t<div class=\"elementor-column elementor-col-100 elementor-top-column elementor-element elementor-element-34e9ab9\" data-id=\"34e9ab9\" data-element_type=\"column\">\n\t\t\t<div class=\"elementor-widget-wrap elementor-element-populated\">\n\t\t\t\t\t\t<div class=\"elementor-element elementor-element-ceb449f elementor-widget elementor-widget-text-editor\" data-id=\"ceb449f\" data-element_type=\"widget\" data-widget_type=\"text-editor.default\">\n\t\t\t\t<div class=\"elementor-widget-container\">\n\t\t\t<style>\/*! elementor - v3.20.0 - 26-03-2024 *\/\n.elementor-widget-text-editor.elementor-drop-cap-view-stacked .elementor-drop-cap{background-color:#69727d;color:#fff}.elementor-widget-text-editor.elementor-drop-cap-view-framed .elementor-drop-cap{color:#69727d;border:3px solid;background-color:transparent}.elementor-widget-text-editor:not(.elementor-drop-cap-view-default) .elementor-drop-cap{margin-top:8px}.elementor-widget-text-editor:not(.elementor-drop-cap-view-default) .elementor-drop-cap-letter{width:1em;height:1em}.elementor-widget-text-editor .elementor-drop-cap{float:left;text-align:center;line-height:1;font-size:50px}.elementor-widget-text-editor .elementor-drop-cap-letter{display:inline-block}<\/style>\t\t\t\t<p>&#8222;Vestel&#8221; ketina atskleisti visas hibridinio darbo galimybes, pristatydama dinami\u0161k\u0105 susitikim\u0173 kambario sprendim\u0105 &#8222;VHuddle Pro&#8221;. &#8222;VHuddle Pro&#8221; &#8211; tai prid\u0117tin\u0117s vert\u0117s kompleksinis sprendimas, kur\u012f sudaro &#8222;VHuddle Pro&#8221; programin\u0117 \u012franga, &#8222;Vestel IFM 4K HDR&#8221; ekranas su prijungiamu &#8222;Windows 10 OPS&#8221; kompiuterio moduliu ir 4K interneto kamera.<\/p><p>\u00a0<\/p><p>Supaprastinant kiekvien\u0105 susitikimo rengimo proceso \u017eingsn\u012f, &#8222;VHuddle Pro&#8221; programin\u0117 \u012franga vienoje patogioje program\u0173 juostoje pateikia i\u0161 anksto parinktas verslui svarbias programas, kurias galima paleisti vienu prisilietimu arba spustel\u0117jimu.<\/p><p>\u00a0<\/p><p>&#8222;D\u017eiaugiam\u0117s gal\u0117dami pristatyti \u0161\u012f transformuojant\u012f sprendim\u0105&#8221;, &#8211; sak\u0117 Selcen Uyguntuzel, &#8222;Vestel&#8221; pardavim\u0173 generalinio direktoriaus pavaduotojas Selcen Uyguntuzel. &#8222;VHuddle Pro&#8221; &#8211; tai naujos kartos bendradarbiavimo ir komunikacijos centras, si\u016blantis vis\u0105 paket\u0105, skirt\u0105 labiau pritaikytai ir intuityviai hibridinei darbo vietai.<\/p><p>\u00a0<\/p><p>&#8222;Saugiai sujungdamas \u017emones i\u0161 skirting\u0173 \u012frengini\u0173 ir vietovi\u0173, jis suteikia tarptautin\u0117ms \u012fmon\u0117ms, taip pat pradedan\u010diosioms \u012fmon\u0117ms vientis\u0105 param\u0105, kurios reikia \u012fvairiems bendradarbiavimo stiliams, nesvarbu, ar tai b\u016bt\u0173 asmeninis ar hibridinis bendravimas nedidel\u0117se &#8222;teamhuddle&#8221;\u00a0(liet. komandinis susib\u016brimas)\u00a0sesijose, ar vadov\u0173 lygio konferencij\u0173 sal\u0117se.&#8221;<\/p><p>\u00a0<\/p><p><strong>&#8222;VHuddle Pro&#8221; programin\u0117 \u012franga<\/strong><\/p><p>\u00a0<\/p><p>&#8222;VHuddle Pro&#8221; si\u016blo pritaikom\u0105 hibridin\u0117s darbo vietos ekosistem\u0105, tod\u0117l galima i\u0161 anksto pasirinkti \u012fvairias verslui svarbias programas, o paskui jas suskirstyti \u012f atitinkamas kategorijas &#8211; &#8222;Screen share&#8221;, &#8222;Web conference&#8221;, &#8222;Notes&#8221;, &#8222;Files&#8221; ir &#8222;Browser&#8221; &#8211; kompakti\u0161koje program\u0173 \u012franki\u0173 juostoje, kad b\u016bt\u0173 lengviau nar\u0161yti.<\/p><p>\u00a0<\/p><p>Programin\u0117s \u012frangos sprendime &#8222;VHuddle Pro&#8221; yra nuorod\u0173 \u012f kiekvien\u0105 i\u0161 \u0161i\u0173 program\u0117li\u0173, u\u017etikrinan\u010di\u0173 greit\u0105 pagalbos prad\u017ei\u0105 vienu pel\u0117s paspaudimu arba spustel\u0117jimu.<\/p><p>\u00a0<\/p><p><strong>&#8222;Windows 10 OPS&#8221; kompiuterio modulis<\/strong><\/p><p>\u00a0<\/p><p>Lengvai integruojama \u012f darbo gyvenim\u0105, &#8222;VHuddle Pro&#8221; iki minimumo suma\u017eina naudotoj\u0173 mokymo poreik\u012f, nes su \u012fskiepiu &#8222;Windows 10 OPS PC&#8221; moduliu suteikia pa\u017e\u012fstam\u0105 skaitmenin\u0117s darbo vietos patirt\u012f, apiman\u010di\u0105 prieig\u0105 prie &#8222;Office 365&#8221; ir &#8222;Teams&#8221;.<\/p><p>\u00a0<\/p><p>Nors visi nustatymai sukurti taip, kad IT skyriai gal\u0117t\u0173 juos i\u0161 anksto sukonfig\u016bruoti, kad kompiuteri\u0173 tinklai b\u016bt\u0173 saug\u016bs, o naudotojo patirtis vienoda, yra daug lankstumo, kad atitikt\u0173 skirtingus bendradarbiavimo stilius. Skirtuke &#8222;U\u017era\u0161ai&#8221;\u00a0(angl. notes)\u00a0galima i\u0161 anksto pasirinkti iki trij\u0173 skaitmenin\u0117s lentos program\u0173, tod\u0117l komandos gali laisvai naudoti, pavyzd\u017eiui, &#8222;OneNote&#8221; greitoms pastaboms daryti, &#8222;Microsoft Ink Workspace&#8221; &#8211; bendradarbiauti kuriant dizain\u0105, o &#8222;Microsoft Whiteboard&#8221; &#8211; dalytis id\u0117jomis ir anotuoti vir\u0161 fail\u0173.<\/p><p>\u00a0<\/p><p>Siekiant suma\u017einti su bendradarbiavimu susijusi\u0173 administracini\u0173 ir organizacini\u0173 u\u017eduo\u010di\u0173 skai\u010di\u0173, susitikimus galima greitai suplanuoti naudojant kalendori\u0173, o patalpas akimirksniu rezervuoti naudojant skirtuk\u0105 &#8222;U\u017esakyti patalp\u0105&#8221;\u00a0(angl. book the room).<\/p><p>\u00a0<\/p><p>Suplanuotos vaizdo konferencijos sukurtos taip, kad b\u016bt\u0173 rodomos kalendoriaus rodinyje, o kad b\u016bt\u0173 patogiau taupyti laik\u0105, vienu spustel\u0117jimu arba palietimu galima pasirinkti &#8222;Prad\u0117ti&#8221;\u00a0(angl. start).<\/p><p>\u00a0<\/p><p><strong>IFM ekran\u0173 serija<\/strong><\/p><p>\u00a0<\/p><p>Su IFM ekranu &#8222;VHuddle Pro&#8221; tampa geriausiu hibridin\u0117s darbo vietos palydovu.<\/p><p>\u00a0<\/p><p><strong>\u012etraukianti garso ir vaizdo patirtis<\/strong><\/p><p>\u00a0<\/p><p>Sukurta 55, 65, 75 ir 86 coli\u0173 ekran\u0173 dyd\u017ei\u0173 serija, tinkanti kiekvienai \u012fmon\u0117s veiklai &#8211; nuo susib\u016brimo viet\u0173 iki dideli\u0173 pos\u0117d\u017ei\u0173 sali\u0173 &#8211; yra itin \u012ftraukiantis interaktyvus daugialyp\u0117s terp\u0117s centras. Minimalistinio itin plono ir diskreti\u0161ko r\u0117melio dizainas leid\u017eia atgaivinti turin\u012f, palaikydamas ry\u0161kius, itin ry\u0161kius 4K HDR vaizdus ir 4K HDR vaizdo \u012fra\u0161us su 60 kadr\u0173 per sekund\u0119 sparta.<\/p><p>\u00a0<\/p><p>Susitikim\u0173 teisingum\u0105 taip pat lengva pasiekti bendradarbiaujant hibridiniu stiliumi, nes IFM 4K ekranas skland\u017eiai veikia kartu su 4K internetine vaizdo kamera, kad nuotoliniai dalyviai b\u016bt\u0173 matomi taip pat ai\u0161kiai, kaip ir gyvai.<\/p><p>\u00a0<\/p><p><strong>De\u0161imties ta\u0161k\u0173 jutiklin\u0117 patirtis<\/strong><\/p><p>\u00a0<\/p><p>De\u0161imties ta\u0161k\u0173 jutiklinis IR interaktyvusis perdengimas su nuo atspind\u017ei\u0173 apsaugan\u010dia itin glotnia apdaila skatina platesn\u012f bendradarbiavim\u0105, o greitosios palet\u0117s paleidimo funkcija leid\u017eia komandos nariams dirbti spar\u010diai, vienu bakstel\u0117jimu suteikiant prieig\u0105 prie ra\u0161iklio, \u017eymeklio, ekrano fiksavimo ir ekrano apkarpymo \u012franki\u0173. Papildomos funkcijos: dvigubas ra\u0161iklis, galintis tur\u0117ti du skirtingo dyd\u017eio antgalius, automatinis spalv\u0173 atpa\u017einimas ir ra\u0161ymo ranka \u012f skaitmenin\u012f tekst\u0105 konvertavimo funkcija.<\/p><p>\u00a0<\/p><p>&#8222;VHuddle Pro&#8221; turi intuityvi\u0105 naudotojo s\u0105saj\u0105, pritaikyt\u0105 fon\u0105, kad tikt\u0173 bet kokiam \u012fmon\u0117s identitetui.<\/p><p>\u00a0<\/p><p>Daugiau informacijos apie &#8222;VHuddle Pro&#8221; susitikim\u0173 kambario sprendim\u0105 rasite &#8222;Vestel Media&#8221;.<\/p>\t\t\t\t\t\t<\/div>\n\t\t\t\t<\/div>\n\t\t\t\t\t<\/div>\n\t\t<\/div>\n\t\t\t\t\t<\/div>\n\t\t<\/section>\n\t\t\t\t<\/div>\n\t\t","protected":false},"excerpt":{"rendered":"<p>&#8222;Vestel&#8221; pristato &#8222;VHuddle Pro&#8221; susitikim\u0173 kambario sprendim\u0105 &#8222;Vestel&#8221; ketina atskleisti visas hibridinio darbo galimybes, pristatydama dinami\u0161k\u0105 susitikim\u0173 kambario sprendim\u0105 &#8222;VHuddle Pro&#8221;. &#8222;VHuddle Pro&#8221; &#8211; tai prid\u0117tin\u0117s vert\u0117s kompleksinis sprendimas, kur\u012f sudaro &#8222;VHuddle Pro&#8221; programin\u0117 \u012franga, &#8222;Vestel IFM 4K HDR&#8221; ekranas su prijungiamu &#8222;Windows 10 OPS&#8221; kompiuterio moduliu ir 4K interneto kamera. \u00a0 Supaprastinant kiekvien\u0105 susitikimo [&hellip;]<\/p>\n","protected":false},"author":2,"featured_media":0,"parent":0,"menu_order":0,"comment_status":"closed","ping_status":"closed","template":"template-home.php","meta":{"footnotes":""},"_links":{"self":[{"href":"https:\/\/ledsiena.lt\/index.php\/wp-json\/wp\/v2\/pages\/11431"}],"collection":[{"href":"https:\/\/ledsiena.lt\/index.php\/wp-json\/wp\/v2\/pages"}],"about":[{"href":"https:\/\/ledsiena.lt\/index.php\/wp-json\/wp\/v2\/types\/page"}],"author":[{"embeddable":true,"href":"https:\/\/ledsiena.lt\/index.php\/wp-json\/wp\/v2\/users\/2"}],"replies":[{"embeddable":true,"href":"https:\/\/ledsiena.lt\/index.php\/wp-json\/wp\/v2\/comments?post=11431"}],"version-history":[{"count":16,"href":"https:\/\/ledsiena.lt\/index.php\/wp-json\/wp\/v2\/pages\/11431\/revisions"}],"predecessor-version":[{"id":13405,"href":"https:\/\/ledsiena.lt\/index.php\/wp-json\/wp\/v2\/pages\/11431\/revisions\/13405"}],"wp:attachment":[{"href":"https:\/\/ledsiena.lt\/index.php\/wp-json\/wp\/v2\/media?parent=11431"}],"curies":[{"name":"wp","href":"https:\/\/api.w.org\/{rel}","templated":true}]}}