{"id":11340,"date":"2024-02-04T14:28:43","date_gmt":"2024-02-04T14:28:43","guid":{"rendered":"https:\/\/ledsiena.lt\/?page_id=11340"},"modified":"2024-07-04T00:21:58","modified_gmt":"2024-07-04T00:21:58","slug":"vestel-has-announced-a-new-global-partnership-with-leading-content-management-software-provider-telelogos","status":"publish","type":"page","link":"https:\/\/ledsiena.lt\/index.php\/vestel-has-announced-a-new-global-partnership-with-leading-content-management-software-provider-telelogos\/","title":{"rendered":"Vestel has announced a new global partnership with leading content management software provider, Telelogos"},"content":{"rendered":"\t\t<div data-elementor-type=\"wp-page\" data-elementor-id=\"11340\" class=\"elementor elementor-11340\">\n\t\t\t\t\t\t<section class=\"elementor-section elementor-top-section elementor-element elementor-element-93786a9 elementor-section-full_width elementor-section-height-default elementor-section-height-default\" data-id=\"93786a9\" data-element_type=\"section\" data-settings=\"{&quot;background_background&quot;:&quot;classic&quot;}\">\n\t\t\t\t\t\t<div class=\"elementor-container elementor-column-gap-default\">\n\t\t\t\t\t<div class=\"elementor-column elementor-col-100 elementor-top-column elementor-element elementor-element-4f75339\" data-id=\"4f75339\" data-element_type=\"column\">\n\t\t\t<div class=\"elementor-widget-wrap elementor-element-populated\">\n\t\t\t\t\t\t<section class=\"elementor-section elementor-inner-section elementor-element elementor-element-f232379 elementor-section-full_width elementor-section-height-default elementor-section-height-default\" data-id=\"f232379\" data-element_type=\"section\" data-settings=\"{&quot;background_background&quot;:&quot;classic&quot;}\">\n\t\t\t\t\t\t<div class=\"elementor-container elementor-column-gap-default\">\n\t\t\t\t\t<div class=\"elementor-column elementor-col-50 elementor-inner-column elementor-element elementor-element-b77ba26\" data-id=\"b77ba26\" data-element_type=\"column\">\n\t\t\t<div class=\"elementor-widget-wrap elementor-element-populated\">\n\t\t\t\t\t\t<div class=\"elementor-element elementor-element-65d8e32 elementor-widget elementor-widget-heading\" data-id=\"65d8e32\" data-element_type=\"widget\" data-widget_type=\"heading.default\">\n\t\t\t\t<div class=\"elementor-widget-container\">\n\t\t\t<style>\/*! elementor - v3.20.0 - 26-03-2024 *\/\n.elementor-heading-title{padding:0;margin:0;line-height:1}.elementor-widget-heading .elementor-heading-title[class*=elementor-size-]>a{color:inherit;font-size:inherit;line-height:inherit}.elementor-widget-heading .elementor-heading-title.elementor-size-small{font-size:15px}.elementor-widget-heading .elementor-heading-title.elementor-size-medium{font-size:19px}.elementor-widget-heading .elementor-heading-title.elementor-size-large{font-size:29px}.elementor-widget-heading .elementor-heading-title.elementor-size-xl{font-size:39px}.elementor-widget-heading .elementor-heading-title.elementor-size-xxl{font-size:59px}<\/style><span class=\"elementor-heading-title elementor-size-default\">\"Vestel\" paskelb\u0117 apie nauj\u0105 pasaulin\u0119 partneryst\u0119 su pirmaujan\u010dia turinio valdymo programin\u0117s \u012frangos tiek\u0117ja \"Telelogos\".<\/span>\t\t<\/div>\n\t\t\t\t<\/div>\n\t\t\t\t\t<\/div>\n\t\t<\/div>\n\t\t\t\t<div class=\"elementor-column elementor-col-50 elementor-inner-column elementor-element elementor-element-48534b7\" data-id=\"48534b7\" data-element_type=\"column\">\n\t\t\t<div class=\"elementor-widget-wrap elementor-element-populated\">\n\t\t\t\t\t\t<div class=\"elementor-element elementor-element-21dff37 elementor-widget elementor-widget-image\" data-id=\"21dff37\" data-element_type=\"widget\" data-widget_type=\"image.default\">\n\t\t\t\t<div class=\"elementor-widget-container\">\n\t\t\t<style>\/*! elementor - v3.20.0 - 26-03-2024 *\/\n.elementor-widget-image{text-align:center}.elementor-widget-image a{display:inline-block}.elementor-widget-image a img[src$=\".svg\"]{width:48px}.elementor-widget-image img{vertical-align:middle;display:inline-block}<\/style>\t\t\t\t\t\t\t\t\t\t<img fetchpriority=\"high\" decoding=\"async\" width=\"1080\" height=\"720\" src=\"https:\/\/ledsiena.lt\/wp-content\/uploads\/2024\/02\/press-release-1-732336-1.png\" class=\"attachment-full size-full wp-image-11389\" alt=\"\" srcset=\"https:\/\/ledsiena.lt\/wp-content\/uploads\/2024\/02\/press-release-1-732336-1.png 1080w, https:\/\/ledsiena.lt\/wp-content\/uploads\/2024\/02\/press-release-1-732336-1-300x200.png 300w, https:\/\/ledsiena.lt\/wp-content\/uploads\/2024\/02\/press-release-1-732336-1-1024x683.png 1024w, https:\/\/ledsiena.lt\/wp-content\/uploads\/2024\/02\/press-release-1-732336-1-768x512.png 768w, https:\/\/ledsiena.lt\/wp-content\/uploads\/2024\/02\/press-release-1-732336-1-600x400.png 600w\" sizes=\"(max-width: 1080px) 100vw, 1080px\" \/>\t\t\t\t\t\t\t\t\t\t\t\t\t<\/div>\n\t\t\t\t<\/div>\n\t\t\t\t\t<\/div>\n\t\t<\/div>\n\t\t\t\t\t<\/div>\n\t\t<\/section>\n\t\t\t\t\t<\/div>\n\t\t<\/div>\n\t\t\t\t\t<\/div>\n\t\t<\/section>\n\t\t\t\t<section class=\"elementor-section elementor-top-section elementor-element elementor-element-9ab0817 elementor-section-boxed elementor-section-height-default elementor-section-height-default\" data-id=\"9ab0817\" data-element_type=\"section\">\n\t\t\t\t\t\t<div class=\"elementor-container elementor-column-gap-default\">\n\t\t\t\t\t<div class=\"elementor-column elementor-col-100 elementor-top-column elementor-element elementor-element-34e9ab9\" data-id=\"34e9ab9\" data-element_type=\"column\">\n\t\t\t<div class=\"elementor-widget-wrap elementor-element-populated\">\n\t\t\t\t\t\t<div class=\"elementor-element elementor-element-ceb449f elementor-widget elementor-widget-text-editor\" data-id=\"ceb449f\" data-element_type=\"widget\" data-widget_type=\"text-editor.default\">\n\t\t\t\t<div class=\"elementor-widget-container\">\n\t\t\t<style>\/*! elementor - v3.20.0 - 26-03-2024 *\/\n.elementor-widget-text-editor.elementor-drop-cap-view-stacked .elementor-drop-cap{background-color:#69727d;color:#fff}.elementor-widget-text-editor.elementor-drop-cap-view-framed .elementor-drop-cap{color:#69727d;border:3px solid;background-color:transparent}.elementor-widget-text-editor:not(.elementor-drop-cap-view-default) .elementor-drop-cap{margin-top:8px}.elementor-widget-text-editor:not(.elementor-drop-cap-view-default) .elementor-drop-cap-letter{width:1em;height:1em}.elementor-widget-text-editor .elementor-drop-cap{float:left;text-align:center;line-height:1;font-size:50px}.elementor-widget-text-editor .elementor-drop-cap-letter{display:inline-block}<\/style>\t\t\t\t<p>&#8222;Vestel Visual Solutions&#8221; paskelb\u0117 apie nauj\u0105 pasaulin\u0119 partneryst\u0119 su pirmaujan\u010dia turinio valdymo programin\u0117s \u012frangos tiek\u0117ja &#8222;Telelogos&#8221;, kuri leid\u017eia &#8222;Vestel System on Chip&#8221; (SoC) ekranams pateikti &#8222;viskas viename&#8221; \u012fmon\u0117s klas\u0117s skaitmenini\u0173 komunikacij\u0173 sprendim\u0105.<\/p><p>\u00a0<\/p><p>&#8222;Vestel&#8221;, kaip sertifikuota &#8222;Telelogos&#8221; partner\u0117, dabar gali supaprastinti turinio valdym\u0105, pagreitinti diegim\u0105 ir padidinti ekrano na\u0161um\u0105, naudodama &#8222;Telelogos&#8221; valdomus i\u0161kab\u0173 ekranus.<\/p><p>\u00a0<\/p><p>\u0160i vientisa integracija su &#8222;Telelogos Media4Display&#8221; &#8211; specialiu sprendimu, kuris nat\u016braliai integruojamas su \u012frengini\u0173 valdymo programine \u012franga, u\u017etikrina transformuojant\u012f &#8222;Vestel Entry+&#8221;, &#8222;Prime+&#8221; ir &#8222;Extreme+&#8221; serij\u0173 palaikym\u0105. Suderinamos 32-98 coli\u0173 ekran\u0173 dyd\u017ei\u0173 serijos gali b\u016bti naudojamos daugelyje vertikali\u0173 sri\u010di\u0173 ir tenkinti \u012fvairius rinkos reikalavimus.<\/p><p>\u00a0<\/p><p>Pasak &#8222;Vestel&#8221; generalinio direktoriaus pavaduotojo produkt\u0173 valdymui Bar\u0131\u015fo \u00d6kesli, &#8222;\u0161ios integracijos poveikis yra toli siekiantis, nes klientams lengviau greitai, saugiai ir ekonomi\u0161kai efektyviai pl\u0117sti projektus, neinvestuojant \u012f joki\u0105 papildom\u0105 technin\u0119 ar programin\u0119 \u012frang\u0105.<\/p><p>\u00a0<\/p><p>&#8222;Telelogos&#8221; valdomi &#8222;Vestel SoC&#8221; ekranai gali pasi\u016blyti kur kas daugiau pagalbos &#8211; nuo s\u0105rankos ir diegimo iki turinio platinimo, ekrano valdymo ir na\u0161umo, taip pagerindami skaitmenini\u0173 komunikacij\u0173 rezultatus ir bendr\u0105 galutinio vartotojo patirt\u012f.&#8221;<\/p><p>\u00a0<\/p><p>Christophe Billaud, &#8222;Telelogos&#8221; generalinis direktorius, prid\u016br\u0117: &#8222;Telelogos&#8221; did\u017eiuojasi gal\u0117dama \u012ftraukti nauj\u0105 &#8222;Vestel SoC&#8221; ekran\u0173 asortiment\u0105 kaip sertifikuot\u0105 pasirinkim\u0105 m\u016bs\u0173 integruotiems\u00a0partneriams ir klientams.<\/p><p>\u00a0<\/p><p>&#8222;Kadangi nuolat padedame savo partneriams ir klientams visuose verslo sektoriuose ir \u012fgyvendinant \u012fvairaus dyd\u017eio skaitmenini\u0173 i\u0161kab\u0173 projektus, mums visuomet svarbiausia, kad gal\u0117tume juos konsultuoti d\u0117l technin\u0117s \u012frangos pasirinkimo ir pasi\u016blyti jiems daugyb\u0119 projekt\u0173 variant\u0173.<\/p><p>\u00a0<\/p><p>&#8222;Dirbome kartu su &#8222;Vestel&#8221;, kad optimizuotume savo skaitmenini\u0173 i\u0161kab\u0173, taip pat \u012frengini\u0173 valdymo programin\u0117s \u012frangos sprendimus, siekdami u\u017etikrinti skland\u017ei\u0105 integracij\u0105 ir taip u\u017etikrinti maksimal\u0173 tiek technin\u0117s, tiek programin\u0117s \u012frangos, esan\u010dios &#8222;SoC&#8221; ekranuose, savybi\u0173 ir funkcij\u0173 kiek\u012f&#8221;.<\/p><p><strong>Supaprastinkite nustatym\u0105 ir diegim\u0105<\/strong><\/p><p>Nesvarbu, ar tai b\u016bt\u0173 didelio masto diegimas tarptautin\u0117se organizacijose, fran\u0161iz\u0117s ar mokyklose, integracija taupo laik\u0105, pinigus ir i\u0161teklius. \u0160is sprendimas leid\u017eia nuotoliniu b\u016bdu valdyti \u012frenginius ir &#8222;Vestel SoC&#8221; ekran\u0173 turin\u012f.<\/p><p>\u00a0<\/p><p>Suma\u017einus \u017emogi\u0161k\u0173j\u0173 klaid\u0173 rizik\u0105 ir su tuo susijusias i\u0161laidas bei laiko s\u0105naudas, &#8222;Telelogos&#8221; valdomus &#8222;Vestel&#8221; ekranus lengva i\u0161 anksto automati\u0161kai sukonfig\u016bruoti internetu, o tada i\u0161si\u0173sti su priverstiniu valdymu, kad b\u016bt\u0173 u\u017etikrinta nuosekli &#8222;plug and play&#8221; (liet. prisijunkite ir paleiskite) naudotoj\u0173 patirtis i\u0161 karto po i\u0161pakavimo.<\/p><p><strong>Atgalinio biuro integracija ir valdymas<\/strong><\/p><p>I\u0161 &#8222;Telelogos&#8221; turinio valdymo platformos informacini\u0173 technologij\u0173 administravimo komandos gali integruoti vidinio biuro sistemas ir \u012fdiegti \u012fmonei priklausan\u010dias \u017einiatinklio programas, kad visoje organizacijoje b\u016bt\u0173 u\u017etikrinta vienoda, realiuoju laiku prieinama prie vis\u0173 svarbi\u0173 duomen\u0173.<\/p><p>\u00a0<\/p><p>Pramon\u0117s taikomosiose programose, pavyzd\u017eiui, kavini\u0173 ir bar\u0173 tinkluose, kainos gali b\u016bti i\u0161traukiamos tiesiai i\u0161 vidini\u0173 biuro sistem\u0173, kad b\u016bt\u0173 rodomos ekrane ir atnaujinamos realiuoju laiku, kai tik kaina pasikei\u010dia.<\/p><p>\u00a0<\/p><p>Be to, nuotoliniu b\u016bdu valdant ekrano nustatymus, pavyzd\u017eiui, ekrano ry\u0161kum\u0105 ir garsum\u0105, lengva optimizuoti veikim\u0105 konkre\u010diose vietose.<\/p><p>\u00a0<\/p><p>Siekiant maksimaliai padidinti investicij\u0173 gr\u0105\u017e\u0105, integruotas ekrano sprendimas u\u017etikrina, kad tiek naudotojo patirtis, tiek ekrano na\u0161umas taip pat gali b\u016bti nuolat tobulinami, naudojant \u012fvairias priemones &#8211; nuo nuotolin\u0117s diagnostikos iki atk\u016brimo analiz\u0117s ataskait\u0173.<\/p><p><strong>Didelio poveikio rinkodaros ir informavimo kampanijos<\/strong><\/p><p>Kartu su &#8222;Telelogos&#8221; &#8222;Vestel SoC&#8221; ekranai gali u\u017etikrinti veiksmingas rinkodaros ir informacines kampanijas. Didelio poveikio daugialyp\u0117s terp\u0117s priemones lengva \u012fkelti, suplanuoti ir platinti konkre\u010diuose ekranuose arba visame tinkle, vietoje arba nuotoliniu b\u016bdu i\u0161 bet kurios vietos.<\/p><p><strong>\u012etraukiantis \u017ei\u016br\u0117jimas<\/strong><\/p><p>Be to, &#8222;Vestel SoC&#8221; ekran\u0173 gamos, palaikan\u010dios itin ry\u0161k\u0173 4K HDR vaizd\u0105 ir 500 bei 700 nit\u0173 ry\u0161kum\u0105, taip pat gali u\u017etikrinti itin \u012ftraukiant\u012f ir \u012ftraukiant\u012f \u017ei\u016br\u0117jim\u0105, naudojant didelio miglotumo skydelius ir \u012fvairi\u0173 dyd\u017ei\u0173 ekranus.<\/p><p><strong>Eksperimentin\u0117 ma\u017emenin\u0117 prekyba<\/strong><\/p><p>Naujos kartos patirtin\u0117s ma\u017emenin\u0117s prekybos srityje, kurioje galima pasi\u016blyti tikslingesn\u0119 ir asmeni\u0161kai pritaikyt\u0105 apsipirkimo parduotuv\u0117je patirt\u012f, &#8222;Telelogos&#8221; API ir &#8222;Vestel&#8221; ekranai bendradarbiauja, kad b\u016bt\u0173 galima pateikti atitinkam\u0105 \u012fvykio sukelt\u0105 turin\u012f. Galima sukurti \u017einiatinklio trigerius, kad \u012f ekranus b\u016bt\u0173 paleid\u017eiamas pritaikytas turinys bet kuriuo metu, kai \u012fvyksta tam tikra s\u0105veika su klientu arba kai pasikei\u010dia oras.<\/p><p><strong>Itin patogus \u012fmon\u0117s lygio palaikymas<\/strong><\/p><p>Siekiant dar labiau palengvinti didel\u0117s apimties tinkl\u0173 veikim\u0105, &#8222;Vestel SoC&#8221; ekranai yra sukurti taip, kad juos b\u016bt\u0173 galima naudoti \u012fmon\u0117s lygiu, jie veikia 24 valandas per par\u0105, 7 dienas per savait\u0119 ir 16 valand\u0173 per par\u0105, 7 dienas per savait\u0119, taip pat turi tokias funkcijas, kaip IP5X sertifikatas apsaugai nuo dulki\u0173 ir 30 laipsni\u0173 pasvirimo palaikymas.<\/p><p>\u00a0<\/p><p>Daugiau informacijos apie &#8222;Vestel&#8221; ir nauj\u0105j\u0105 &#8222;Telelogos&#8221; partneryst\u0119 rasite adresu <a href=\"http:\/\/www.vestelvisualsolutions.com.\"><u>www.vestelvisualsolutions.com.<\/u><\/a><\/p>\t\t\t\t\t\t<\/div>\n\t\t\t\t<\/div>\n\t\t\t\t\t<\/div>\n\t\t<\/div>\n\t\t\t\t\t<\/div>\n\t\t<\/section>\n\t\t\t\t<\/div>\n\t\t","protected":false},"excerpt":{"rendered":"<p>&#8222;Vestel&#8221; paskelb\u0117 apie nauj\u0105 pasaulin\u0119 partneryst\u0119 su pirmaujan\u010dia turinio valdymo programin\u0117s \u012frangos tiek\u0117ja &#8222;Telelogos&#8221;. &#8222;Vestel Visual Solutions&#8221; paskelb\u0117 apie nauj\u0105 pasaulin\u0119 partneryst\u0119 su pirmaujan\u010dia turinio valdymo programin\u0117s \u012frangos tiek\u0117ja &#8222;Telelogos&#8221;, kuri leid\u017eia &#8222;Vestel System on Chip&#8221; (SoC) ekranams pateikti &#8222;viskas viename&#8221; \u012fmon\u0117s klas\u0117s skaitmenini\u0173 komunikacij\u0173 sprendim\u0105. \u00a0 &#8222;Vestel&#8221;, kaip sertifikuota &#8222;Telelogos&#8221; partner\u0117, dabar gali supaprastinti [&hellip;]<\/p>\n","protected":false},"author":2,"featured_media":0,"parent":0,"menu_order":0,"comment_status":"closed","ping_status":"closed","template":"template-home.php","meta":{"footnotes":""},"_links":{"self":[{"href":"https:\/\/ledsiena.lt\/index.php\/wp-json\/wp\/v2\/pages\/11340"}],"collection":[{"href":"https:\/\/ledsiena.lt\/index.php\/wp-json\/wp\/v2\/pages"}],"about":[{"href":"https:\/\/ledsiena.lt\/index.php\/wp-json\/wp\/v2\/types\/page"}],"author":[{"embeddable":true,"href":"https:\/\/ledsiena.lt\/index.php\/wp-json\/wp\/v2\/users\/2"}],"replies":[{"embeddable":true,"href":"https:\/\/ledsiena.lt\/index.php\/wp-json\/wp\/v2\/comments?post=11340"}],"version-history":[{"count":25,"href":"https:\/\/ledsiena.lt\/index.php\/wp-json\/wp\/v2\/pages\/11340\/revisions"}],"predecessor-version":[{"id":13402,"href":"https:\/\/ledsiena.lt\/index.php\/wp-json\/wp\/v2\/pages\/11340\/revisions\/13402"}],"wp:attachment":[{"href":"https:\/\/ledsiena.lt\/index.php\/wp-json\/wp\/v2\/media?parent=11340"}],"curies":[{"name":"wp","href":"https:\/\/api.w.org\/{rel}","templated":true}]}}